{"id":2308,"date":"2025-07-17T12:05:04","date_gmt":"2025-07-17T10:05:04","guid":{"rendered":"https:\/\/www.test.nms-mautern.at\/?page_id=2308"},"modified":"2025-10-12T12:02:13","modified_gmt":"2025-10-12T10:02:13","slug":"gesunde-schule","status":"publish","type":"page","link":"https:\/\/www.nms-mautern.at\/?page_id=2308","title":{"rendered":"Gesunde Schule"},"content":{"rendered":"\t\t<div data-elementor-type=\"wp-page\" data-elementor-id=\"2308\" class=\"elementor elementor-2308\" data-elementor-post-type=\"page\">\n\t\t\t\t<div class=\"has_eae_slider elementor-element elementor-element-e6b6c62 e-flex e-con-boxed e-con e-parent\" data-eae-slider=\"21311\" data-id=\"e6b6c62\" data-element_type=\"container\">\n\t\t\t\t\t<div class=\"e-con-inner\">\n\t\t\t\t<div class=\"elementor-element elementor-element-7c3253d elementor-widget elementor-widget-spacer\" data-id=\"7c3253d\" data-element_type=\"widget\" data-widget_type=\"spacer.default\">\n\t\t\t\t<div class=\"elementor-widget-container\">\n\t\t\t\t\t\t\t<div class=\"elementor-spacer\">\n\t\t\t<div class=\"elementor-spacer-inner\"><\/div>\n\t\t<\/div>\n\t\t\t\t\t\t<\/div>\n\t\t\t\t<\/div>\n\t\t\t\t\t<\/div>\n\t\t\t\t<\/div>\n\t\t<div class=\"has_eae_slider elementor-element elementor-element-079a6ba e-flex e-con-boxed e-con e-parent\" data-eae-slider=\"61832\" data-id=\"079a6ba\" data-element_type=\"container\">\n\t\t\t\t\t<div class=\"e-con-inner\">\n\t\t\t\t<div class=\"elementor-element elementor-element-719f25b elementor-widget elementor-widget-text-editor\" data-id=\"719f25b\" data-element_type=\"widget\" data-widget_type=\"text-editor.default\">\n\t\t\t\t<div class=\"elementor-widget-container\">\n\t\t\t\t\t\t\t\t\t<h1 style=\"text-align: center;\"><span style=\"color: #be1313;\">Gesunde Schule &amp; H2NOE-Wasserschule<\/span><\/h1><p>Die Gesundheit von Kindern und Jugendlichen, Lehrerinnen und Lehrern sowie allen am Schulleben Beteiligten wird durch das Programm &#8222;Gesunde Schule&#8220; gef\u00f6rdert. Unsere Schule legt gro\u00dfen Wert auf die Gesundheit und das Wohlbefinden, Bewegung und gesunde Ern\u00e4hrung. Ein achtsamer Umgang mit K\u00f6rper und Geist sind uns besonders wichtig.<\/p><p>Als &#8222;Gesunde Schule&#8220; f\u00f6rdern wir mit verschiedenen Projekten und Aktionen ein gesundes Lernumfeld. Dazu geh\u00f6ren gemeinsame Bewegungs\u00fcbungen im Unterricht, die Pause im Freien, Workshops sowie die Zusammenarbeit mit Expertinnen und Experten.<\/p><p>Zudem sind wir eine zertifizierte &#8222;H2NOE&#8220;-Wasserschule. Das bedeutet, das wir Wasser als besten Durstl\u00f6scher in den Mittelpunkt stellen. Die Kinder werden dazu ermutigt, regelm\u00e4\u00dfig Wasser zu trinken &#8211; sowohl im Unterricht als auch in den Pausen. So unterst\u00fctzen wir Konzentration, Leistungsf\u00e4higkeit und nachhaltige Gewohnheiten.<br \/>Wiederbef\u00fcllbare Trinkflaschen erleichtern das Trinken in der Klasse und auch im Sportunterricht.<\/p><p>Mit diesen Schwerpunkten m\u00f6chten wir einen wichtigen Beitrag zu einer gesunden Entwicklung unserer Sch\u00fclerinnen und Sch\u00fcler leisten.<\/p>\t\t\t\t\t\t\t\t<\/div>\n\t\t\t\t<\/div>\n\t\t\t\t\t<\/div>\n\t\t\t\t<\/div>\n\t\t<div class=\"has_eae_slider elementor-element elementor-element-ac17792 e-flex e-con-boxed e-con e-parent\" data-eae-slider=\"76844\" data-id=\"ac17792\" data-element_type=\"container\">\n\t\t\t\t\t<div class=\"e-con-inner\">\n\t\t\t\t<div class=\"elementor-element elementor-element-2555d16 elementor-widget elementor-widget-image\" data-id=\"2555d16\" data-element_type=\"widget\" data-widget_type=\"image.default\">\n\t\t\t\t<div class=\"elementor-widget-container\">\n\t\t\t\t\t\t\t\t\t\t\t\t\t\t\t<img decoding=\"async\" width=\"150\" height=\"150\" src=\"https:\/\/www.nms-mautern.at\/wp-content\/uploads\/2025\/01\/Tutgut_Logo_RGB-150x150.png\" class=\"attachment-thumbnail size-thumbnail wp-image-3347\" alt=\"Logo von TUT GUT\" srcset=\"https:\/\/www.nms-mautern.at\/wp-content\/uploads\/2025\/01\/Tutgut_Logo_RGB-150x150.png 150w, https:\/\/www.nms-mautern.at\/wp-content\/uploads\/2025\/01\/Tutgut_Logo_RGB-300x300.png 300w, https:\/\/www.nms-mautern.at\/wp-content\/uploads\/2025\/01\/Tutgut_Logo_RGB-1022x1024.png 1022w, https:\/\/www.nms-mautern.at\/wp-content\/uploads\/2025\/01\/Tutgut_Logo_RGB-768x769.png 768w, https:\/\/www.nms-mautern.at\/wp-content\/uploads\/2025\/01\/elementor\/thumbs\/Tutgut_Logo_RGB-rceot8znnsa03pg1nzvbi7ryzesph13m7b79jk5s5k.png 20w, https:\/\/www.nms-mautern.at\/wp-content\/uploads\/2025\/01\/elementor\/thumbs\/Tutgut_Logo_RGB-rceot8zomvb5e3z174k972unta60efo6wqvegojk6g.png 100w, https:\/\/www.nms-mautern.at\/wp-content\/uploads\/2025\/01\/elementor\/thumbs\/Tutgut_Logo_RGB-rceot8zoe3jv2icabce0rv2zltboo311qdyd8eg468.png 80w, https:\/\/www.nms-mautern.at\/wp-content\/uploads\/2025\/01\/Tutgut_Logo_RGB.png 1178w\" sizes=\"(max-width: 150px) 100vw, 150px\" \/>\t\t\t\t\t\t\t\t\t\t\t\t\t\t\t<\/div>\n\t\t\t\t<\/div>\n\t\t\t\t\t<\/div>\n\t\t\t\t<\/div>\n\t\t<div class=\"has_eae_slider elementor-element elementor-element-a4b85c8 e-flex e-con-boxed e-con e-parent\" data-eae-slider=\"44054\" data-id=\"a4b85c8\" data-element_type=\"container\">\n\t\t\t\t\t<div class=\"e-con-inner\">\n\t\t\t\t<div class=\"elementor-element elementor-element-3733905 elementor-widget elementor-widget-image\" data-id=\"3733905\" data-element_type=\"widget\" data-widget_type=\"image.default\">\n\t\t\t\t<div class=\"elementor-widget-container\">\n\t\t\t\t\t\t\t\t\t\t\t\t\t\t\t<img fetchpriority=\"high\" decoding=\"async\" width=\"768\" height=\"817\" src=\"https:\/\/www.nms-mautern.at\/wp-content\/uploads\/2025\/10\/Die-Bereiche-fuer-Schuelerinnen-und-Schueler-erklaert-768x817.png\" class=\"attachment-medium_large size-medium_large wp-image-3494\" alt=\"\" srcset=\"https:\/\/www.nms-mautern.at\/wp-content\/uploads\/2025\/10\/Die-Bereiche-fuer-Schuelerinnen-und-Schueler-erklaert-768x817.png 768w, https:\/\/www.nms-mautern.at\/wp-content\/uploads\/2025\/10\/Die-Bereiche-fuer-Schuelerinnen-und-Schueler-erklaert-282x300.png 282w, https:\/\/www.nms-mautern.at\/wp-content\/uploads\/2025\/10\/Die-Bereiche-fuer-Schuelerinnen-und-Schueler-erklaert-962x1024.png 962w, https:\/\/www.nms-mautern.at\/wp-content\/uploads\/2025\/10\/Die-Bereiche-fuer-Schuelerinnen-und-Schueler-erklaert.png 978w\" sizes=\"(max-width: 768px) 100vw, 768px\" \/>\t\t\t\t\t\t\t\t\t\t\t\t\t\t\t<\/div>\n\t\t\t\t<\/div>\n\t\t\t\t\t<\/div>\n\t\t\t\t<\/div>\n\t\t\t\t<\/div>\n\t\t","protected":false},"excerpt":{"rendered":"<p>Gesunde Schule &amp; H2NOE-Wasserschule Die Gesundheit von Kindern und Jugendlichen, Lehrerinnen und Lehrern sowie allen am Schulleben Beteiligten wird durch das Programm &#8222;Gesunde Schule&#8220; gef\u00f6rdert. Unsere Schule legt gro\u00dfen Wert auf die Gesundheit und das Wohlbefinden, Bewegung und gesunde Ern\u00e4hrung. Ein achtsamer Umgang mit K\u00f6rper und Geist sind uns besonders wichtig. Als &#8222;Gesunde Schule&#8220; f\u00f6rdern [&hellip;]<\/p>\n","protected":false},"author":1,"featured_media":0,"parent":0,"menu_order":0,"comment_status":"closed","ping_status":"closed","template":"","meta":{"footnotes":""},"class_list":["post-2308","page","type-page","status-publish","hentry"],"_links":{"self":[{"href":"https:\/\/www.nms-mautern.at\/index.php?rest_route=\/wp\/v2\/pages\/2308","targetHints":{"allow":["GET"]}}],"collection":[{"href":"https:\/\/www.nms-mautern.at\/index.php?rest_route=\/wp\/v2\/pages"}],"about":[{"href":"https:\/\/www.nms-mautern.at\/index.php?rest_route=\/wp\/v2\/types\/page"}],"author":[{"embeddable":true,"href":"https:\/\/www.nms-mautern.at\/index.php?rest_route=\/wp\/v2\/users\/1"}],"replies":[{"embeddable":true,"href":"https:\/\/www.nms-mautern.at\/index.php?rest_route=%2Fwp%2Fv2%2Fcomments&post=2308"}],"version-history":[{"count":13,"href":"https:\/\/www.nms-mautern.at\/index.php?rest_route=\/wp\/v2\/pages\/2308\/revisions"}],"predecessor-version":[{"id":3497,"href":"https:\/\/www.nms-mautern.at\/index.php?rest_route=\/wp\/v2\/pages\/2308\/revisions\/3497"}],"wp:attachment":[{"href":"https:\/\/www.nms-mautern.at\/index.php?rest_route=%2Fwp%2Fv2%2Fmedia&parent=2308"}],"curies":[{"name":"wp","href":"https:\/\/api.w.org\/{rel}","templated":true}]}}