{"id":501,"date":"2025-04-09T14:36:46","date_gmt":"2025-04-09T12:36:46","guid":{"rendered":"https:\/\/www.test.nms-mautern.at\/?page_id=501"},"modified":"2025-08-21T10:27:35","modified_gmt":"2025-08-21T08:27:35","slug":"schulwarte","status":"publish","type":"page","link":"https:\/\/www.nms-mautern.at\/?page_id=501","title":{"rendered":"Schulwarte"},"content":{"rendered":"\t\t<div data-elementor-type=\"wp-page\" data-elementor-id=\"501\" class=\"elementor elementor-501\" data-elementor-post-type=\"page\">\n\t\t\t\t<div class=\"has_eae_slider elementor-element elementor-element-1a91542 e-flex e-con-boxed e-con e-parent\" data-eae-slider=\"73912\" data-id=\"1a91542\" data-element_type=\"container\">\n\t\t\t\t\t<div class=\"e-con-inner\">\n\t\t\t\t<div class=\"elementor-element elementor-element-59aad33 elementor-widget elementor-widget-spacer\" data-id=\"59aad33\" data-element_type=\"widget\" data-widget_type=\"spacer.default\">\n\t\t\t\t<div class=\"elementor-widget-container\">\n\t\t\t\t\t\t\t<div class=\"elementor-spacer\">\n\t\t\t<div class=\"elementor-spacer-inner\"><\/div>\n\t\t<\/div>\n\t\t\t\t\t\t<\/div>\n\t\t\t\t<\/div>\n\t\t\t\t<div class=\"elementor-element elementor-element-53e2f6b elementor-widget elementor-widget-heading\" data-id=\"53e2f6b\" data-element_type=\"widget\" data-widget_type=\"heading.default\">\n\t\t\t\t<div class=\"elementor-widget-container\">\n\t\t\t\t\t<h1 class=\"elementor-heading-title elementor-size-default\">Unsere Schulwarte<\/h1>\t\t\t\t<\/div>\n\t\t\t\t<\/div>\n\t\t\t\t\t<\/div>\n\t\t\t\t<\/div>\n\t\t<div class=\"has_eae_slider elementor-element elementor-element-e2db700 e-flex e-con-boxed e-con e-parent\" data-eae-slider=\"19993\" data-id=\"e2db700\" data-element_type=\"container\">\n\t\t\t\t\t<div class=\"e-con-inner\">\n\t\t<div class=\"has_eae_slider elementor-element elementor-element-bccea49 e-con-full e-flex e-con e-child\" data-eae-slider=\"59897\" data-id=\"bccea49\" data-element_type=\"container\">\n\t\t\t\t<div class=\"elementor-element elementor-element-b9089f9 elementor-widget elementor-widget-image\" data-id=\"b9089f9\" data-element_type=\"widget\" data-widget_type=\"image.default\">\n\t\t\t\t<div class=\"elementor-widget-container\">\n\t\t\t\t\t\t\t\t\t\t\t\t\t\t\t<img fetchpriority=\"high\" decoding=\"async\" width=\"221\" height=\"300\" src=\"https:\/\/www.nms-mautern.at\/wp-content\/uploads\/2025\/07\/Karl-Payer-1-221x300.jpg\" class=\"attachment-medium size-medium wp-image-1623\" alt=\"\" srcset=\"https:\/\/www.nms-mautern.at\/wp-content\/uploads\/2025\/07\/Karl-Payer-1-221x300.jpg 221w, https:\/\/www.nms-mautern.at\/wp-content\/uploads\/2025\/07\/Karl-Payer-1-753x1024.jpg 753w, https:\/\/www.nms-mautern.at\/wp-content\/uploads\/2025\/07\/Karl-Payer-1-768x1044.jpg 768w, https:\/\/www.nms-mautern.at\/wp-content\/uploads\/2025\/07\/Karl-Payer-1-1130x1536.jpg 1130w, https:\/\/www.nms-mautern.at\/wp-content\/uploads\/2025\/07\/Karl-Payer-1.jpg 1280w\" sizes=\"(max-width: 221px) 100vw, 221px\" \/>\t\t\t\t\t\t\t\t\t\t\t\t\t\t\t<\/div>\n\t\t\t\t<\/div>\n\t\t\t\t<\/div>\n\t\t<div class=\"has_eae_slider elementor-element elementor-element-77991c5 e-con-full e-flex e-con e-child\" data-eae-slider=\"94922\" data-id=\"77991c5\" data-element_type=\"container\">\n\t\t\t\t<div class=\"elementor-element elementor-element-28e5ba0 elementor-widget elementor-widget-text-editor\" data-id=\"28e5ba0\" data-element_type=\"widget\" data-widget_type=\"text-editor.default\">\n\t\t\t\t<div class=\"elementor-widget-container\">\n\t\t\t\t\t\t\t\t\t<p>\u00a0<\/p><p><span style=\"color: #be1313;\"><strong>Karl Payer &#8211; unser &#8222;M\u00e4dchen&#8220; f\u00fcr alles!<\/strong><\/span><\/p><p>Mit seinem unerm\u00fcdlichen Einsatz sorgt er t\u00e4glich daf\u00fcr, dass unsere Schule ein sicherer, sauberer und angenehmer Ort zum Lernen und Arbeiten ist.<\/p><p>Er ist stets zur Stelle, wenn es darum geht, Probleme zu l\u00f6sen und unsere Schule in bestem Zustand zu halten!<\/p>\t\t\t\t\t\t\t\t<\/div>\n\t\t\t\t<\/div>\n\t\t\t\t<\/div>\n\t\t\t\t\t<\/div>\n\t\t\t\t<\/div>\n\t\t<div class=\"has_eae_slider elementor-element elementor-element-5970231 e-flex e-con-boxed e-con e-parent\" data-eae-slider=\"46057\" data-id=\"5970231\" data-element_type=\"container\">\n\t\t\t\t\t<div class=\"e-con-inner\">\n\t\t<div class=\"has_eae_slider elementor-element elementor-element-ed3eb90 e-con-full e-flex e-con e-child\" data-eae-slider=\"14583\" data-id=\"ed3eb90\" data-element_type=\"container\">\n\t\t\t\t<div class=\"elementor-element elementor-element-8de28ba elementor-widget elementor-widget-image\" data-id=\"8de28ba\" data-element_type=\"widget\" data-widget_type=\"image.default\">\n\t\t\t\t<div class=\"elementor-widget-container\">\n\t\t\t\t\t\t\t\t\t\t\t\t\t\t\t<img decoding=\"async\" width=\"220\" height=\"300\" src=\"https:\/\/www.nms-mautern.at\/wp-content\/uploads\/2025\/07\/Herta-Zederbauer-1-220x300.jpg\" class=\"attachment-medium size-medium wp-image-1634\" alt=\"\" srcset=\"https:\/\/www.nms-mautern.at\/wp-content\/uploads\/2025\/07\/Herta-Zederbauer-1-220x300.jpg 220w, https:\/\/www.nms-mautern.at\/wp-content\/uploads\/2025\/07\/Herta-Zederbauer-1-751x1024.jpg 751w, https:\/\/www.nms-mautern.at\/wp-content\/uploads\/2025\/07\/Herta-Zederbauer-1-768x1047.jpg 768w, https:\/\/www.nms-mautern.at\/wp-content\/uploads\/2025\/07\/Herta-Zederbauer-1.jpg 1024w\" sizes=\"(max-width: 220px) 100vw, 220px\" \/>\t\t\t\t\t\t\t\t\t\t\t\t\t\t\t<\/div>\n\t\t\t\t<\/div>\n\t\t\t\t<\/div>\n\t\t<div class=\"has_eae_slider elementor-element elementor-element-603a5da e-con-full e-flex e-con e-child\" data-eae-slider=\"6859\" data-id=\"603a5da\" data-element_type=\"container\">\n\t\t\t\t<div class=\"elementor-element elementor-element-6ce0af0 elementor-widget elementor-widget-text-editor\" data-id=\"6ce0af0\" data-element_type=\"widget\" data-widget_type=\"text-editor.default\">\n\t\t\t\t<div class=\"elementor-widget-container\">\n\t\t\t\t\t\t\t\t\t<p><span style=\"color: #be1313;\"><strong>Herta Zederbauer<\/strong><\/span><\/p><p>Unsere liebe Herta sorgt jeden Tag daf\u00fcr, dass die Klassenzimmer blitzblank sind und die G\u00e4nge gl\u00e4nzen.<\/p><p>Egal mit welchem Anliegen man zu ihr kommt &#8211; Herta hat f\u00fcr alles eine L\u00f6sung!<\/p>\t\t\t\t\t\t\t\t<\/div>\n\t\t\t\t<\/div>\n\t\t\t\t<\/div>\n\t\t\t\t\t<\/div>\n\t\t\t\t<\/div>\n\t\t<div class=\"has_eae_slider elementor-element elementor-element-cf9d2bd e-flex e-con-boxed e-con e-parent\" data-eae-slider=\"47168\" data-id=\"cf9d2bd\" data-element_type=\"container\">\n\t\t\t\t\t<div class=\"e-con-inner\">\n\t\t<div class=\"has_eae_slider elementor-element elementor-element-244f3fc e-con-full e-flex e-con e-child\" data-eae-slider=\"46331\" data-id=\"244f3fc\" data-element_type=\"container\">\n\t\t\t\t<div class=\"elementor-element elementor-element-bc536bd elementor-widget elementor-widget-image\" data-id=\"bc536bd\" data-element_type=\"widget\" data-widget_type=\"image.default\">\n\t\t\t\t<div class=\"elementor-widget-container\">\n\t\t\t\t\t\t\t\t\t\t\t\t\t\t\t<img decoding=\"async\" width=\"220\" height=\"300\" src=\"https:\/\/www.nms-mautern.at\/wp-content\/uploads\/2025\/07\/Karin-Wiry-1-220x300.jpg\" class=\"attachment-medium size-medium wp-image-1635\" alt=\"\" srcset=\"https:\/\/www.nms-mautern.at\/wp-content\/uploads\/2025\/07\/Karin-Wiry-1-220x300.jpg 220w, https:\/\/www.nms-mautern.at\/wp-content\/uploads\/2025\/07\/Karin-Wiry-1-752x1024.jpg 752w, https:\/\/www.nms-mautern.at\/wp-content\/uploads\/2025\/07\/Karin-Wiry-1-768x1046.jpg 768w, https:\/\/www.nms-mautern.at\/wp-content\/uploads\/2025\/07\/Karin-Wiry-1.jpg 1024w\" sizes=\"(max-width: 220px) 100vw, 220px\" \/>\t\t\t\t\t\t\t\t\t\t\t\t\t\t\t<\/div>\n\t\t\t\t<\/div>\n\t\t\t\t<\/div>\n\t\t<div class=\"has_eae_slider elementor-element elementor-element-563e397 e-con-full e-flex e-con e-child\" data-eae-slider=\"43944\" data-id=\"563e397\" data-element_type=\"container\">\n\t\t\t\t<div class=\"elementor-element elementor-element-9c984ff elementor-widget elementor-widget-text-editor\" data-id=\"9c984ff\" data-element_type=\"widget\" data-widget_type=\"text-editor.default\">\n\t\t\t\t<div class=\"elementor-widget-container\">\n\t\t\t\t\t\t\t\t\t<p><span style=\"color: #be1313;\"><strong>Karin Wiry<\/strong><\/span><\/p><p>Die gute Seele, die unsere Schule in bestem Lichte erstrahlen l\u00e4sst.<\/p><p>Mit ihrem sonnigen Gem\u00fct zaubert sie uns jeden Tag ein L\u00e4cheln ins Gesicht.<\/p>\t\t\t\t\t\t\t\t<\/div>\n\t\t\t\t<\/div>\n\t\t\t\t<\/div>\n\t\t\t\t\t<\/div>\n\t\t\t\t<\/div>\n\t\t\t\t<\/div>\n\t\t","protected":false},"excerpt":{"rendered":"<p>Unsere Schulwarte \u00a0 Karl Payer &#8211; unser &#8222;M\u00e4dchen&#8220; f\u00fcr alles! Mit seinem unerm\u00fcdlichen Einsatz sorgt er t\u00e4glich daf\u00fcr, dass unsere Schule ein sicherer, sauberer und angenehmer Ort zum Lernen und Arbeiten ist. Er ist stets zur Stelle, wenn es darum geht, Probleme zu l\u00f6sen und unsere Schule in bestem Zustand zu halten! Herta Zederbauer Unsere [&hellip;]<\/p>\n","protected":false},"author":1,"featured_media":0,"parent":0,"menu_order":0,"comment_status":"closed","ping_status":"closed","template":"","meta":{"footnotes":""},"class_list":["post-501","page","type-page","status-publish","hentry"],"_links":{"self":[{"href":"https:\/\/www.nms-mautern.at\/index.php?rest_route=\/wp\/v2\/pages\/501","targetHints":{"allow":["GET"]}}],"collection":[{"href":"https:\/\/www.nms-mautern.at\/index.php?rest_route=\/wp\/v2\/pages"}],"about":[{"href":"https:\/\/www.nms-mautern.at\/index.php?rest_route=\/wp\/v2\/types\/page"}],"author":[{"embeddable":true,"href":"https:\/\/www.nms-mautern.at\/index.php?rest_route=\/wp\/v2\/users\/1"}],"replies":[{"embeddable":true,"href":"https:\/\/www.nms-mautern.at\/index.php?rest_route=%2Fwp%2Fv2%2Fcomments&post=501"}],"version-history":[{"count":58,"href":"https:\/\/www.nms-mautern.at\/index.php?rest_route=\/wp\/v2\/pages\/501\/revisions"}],"predecessor-version":[{"id":2437,"href":"https:\/\/www.nms-mautern.at\/index.php?rest_route=\/wp\/v2\/pages\/501\/revisions\/2437"}],"wp:attachment":[{"href":"https:\/\/www.nms-mautern.at\/index.php?rest_route=%2Fwp%2Fv2%2Fmedia&parent=501"}],"curies":[{"name":"wp","href":"https:\/\/api.w.org\/{rel}","templated":true}]}}