{"id":503,"date":"2025-04-09T14:37:19","date_gmt":"2025-04-09T12:37:19","guid":{"rendered":"https:\/\/www.test.nms-mautern.at\/?page_id=503"},"modified":"2025-09-22T09:18:06","modified_gmt":"2025-09-22T07:18:06","slug":"schulaerztin","status":"publish","type":"page","link":"https:\/\/www.nms-mautern.at\/?page_id=503","title":{"rendered":"Schul\u00e4rztin"},"content":{"rendered":"\t\t<div data-elementor-type=\"wp-page\" data-elementor-id=\"503\" class=\"elementor elementor-503\" data-elementor-post-type=\"page\">\n\t\t\t\t<div class=\"has_eae_slider elementor-element elementor-element-58ce8d8 e-flex e-con-boxed e-con e-parent\" data-eae-slider=\"9973\" data-id=\"58ce8d8\" data-element_type=\"container\">\n\t\t\t\t\t<div class=\"e-con-inner\">\n\t\t\t\t<div class=\"elementor-element elementor-element-d9a7214 elementor-widget elementor-widget-spacer\" data-id=\"d9a7214\" data-element_type=\"widget\" data-widget_type=\"spacer.default\">\n\t\t\t\t<div class=\"elementor-widget-container\">\n\t\t\t\t\t\t\t<div class=\"elementor-spacer\">\n\t\t\t<div class=\"elementor-spacer-inner\"><\/div>\n\t\t<\/div>\n\t\t\t\t\t\t<\/div>\n\t\t\t\t<\/div>\n\t\t\t\t<div class=\"elementor-element elementor-element-4d5be06 elementor-widget elementor-widget-heading\" data-id=\"4d5be06\" data-element_type=\"widget\" data-widget_type=\"heading.default\">\n\t\t\t\t<div class=\"elementor-widget-container\">\n\t\t\t\t\t<h2 class=\"elementor-heading-title elementor-size-default\">Unsere Schul\u00e4rztin<\/h2>\t\t\t\t<\/div>\n\t\t\t\t<\/div>\n\t\t\t\t\t<\/div>\n\t\t\t\t<\/div>\n\t\t<div class=\"has_eae_slider elementor-element elementor-element-629720d e-flex e-con-boxed e-con e-parent\" data-eae-slider=\"66559\" data-id=\"629720d\" data-element_type=\"container\">\n\t\t\t\t\t<div class=\"e-con-inner\">\n\t\t<div class=\"has_eae_slider elementor-element elementor-element-300fc11 e-con-full e-flex e-con e-child\" data-eae-slider=\"57763\" data-id=\"300fc11\" data-element_type=\"container\">\n\t\t\t\t<div class=\"elementor-element elementor-element-8f69623 elementor-widget elementor-widget-image\" data-id=\"8f69623\" data-element_type=\"widget\" data-widget_type=\"image.default\">\n\t\t\t\t<div class=\"elementor-widget-container\">\n\t\t\t\t\t\t\t\t\t\t\t\t\t\t\t<img fetchpriority=\"high\" decoding=\"async\" width=\"241\" height=\"300\" src=\"https:\/\/www.nms-mautern.at\/wp-content\/uploads\/2025\/09\/OA-Dr.-Elke-Hauser-241x300.jpeg\" class=\"attachment-medium size-medium wp-image-3192\" alt=\"OA Dr. Elke Hauser\" srcset=\"https:\/\/www.nms-mautern.at\/wp-content\/uploads\/2025\/09\/OA-Dr.-Elke-Hauser-241x300.jpeg 241w, https:\/\/www.nms-mautern.at\/wp-content\/uploads\/2025\/09\/OA-Dr.-Elke-Hauser-824x1024.jpeg 824w, https:\/\/www.nms-mautern.at\/wp-content\/uploads\/2025\/09\/OA-Dr.-Elke-Hauser-768x954.jpeg 768w, https:\/\/www.nms-mautern.at\/wp-content\/uploads\/2025\/09\/OA-Dr.-Elke-Hauser-1236x1536.jpeg 1236w, https:\/\/www.nms-mautern.at\/wp-content\/uploads\/2025\/09\/OA-Dr.-Elke-Hauser.jpeg 1648w\" sizes=\"(max-width: 241px) 100vw, 241px\" \/>\t\t\t\t\t\t\t\t\t\t\t\t\t\t\t<\/div>\n\t\t\t\t<\/div>\n\t\t\t\t<\/div>\n\t\t<div class=\"has_eae_slider elementor-element elementor-element-9292a38 e-con-full e-flex e-con e-child\" data-eae-slider=\"68174\" data-id=\"9292a38\" data-element_type=\"container\">\n\t\t\t\t<div class=\"elementor-element elementor-element-acb89be elementor-widget elementor-widget-text-editor\" data-id=\"acb89be\" data-element_type=\"widget\" data-widget_type=\"text-editor.default\">\n\t\t\t\t<div class=\"elementor-widget-container\">\n\t\t\t\t\t\t\t\t\t<h2><span style=\"color: #be1313;\"><strong>O\u00c4 Dr. Elke Hauser<\/strong><\/span><\/h2><p>O\u00c4 Dr. Elke Hauser arbeitet als Fach\u00e4rztin f\u00fcr Kinder- und Jugendheilkunde an der Kinderabteilung des UK Krems, unterrichtet auch an der Karl-Landsteiner Privatuniversit\u00e4t und f\u00fchrt in mehreren Gemeinden Nieder\u00f6sterreichs Elternberatungen durch.<\/p><p>Als Schul\u00e4rztin der NMS Mautern untersucht sie jede Sch\u00fclerin und jeden Sch\u00fcler einmal pro Schuljahr.<\/p><p>Bei Fragen oder Anliegen steht sie gerne w\u00e4hrend der Untersuchungstermine zur Verf\u00fcgung.<\/p><p>\u00a0<\/p>\t\t\t\t\t\t\t\t<\/div>\n\t\t\t\t<\/div>\n\t\t\t\t<\/div>\n\t\t\t\t\t<\/div>\n\t\t\t\t<\/div>\n\t\t<div class=\"has_eae_slider elementor-element elementor-element-dbe28c9 e-flex e-con-boxed e-con e-parent\" data-eae-slider=\"50250\" data-id=\"dbe28c9\" data-element_type=\"container\">\n\t\t\t\t\t<div class=\"e-con-inner\">\n\t\t\t\t<div class=\"elementor-element elementor-element-cc1b59e elementor-widget elementor-widget-spacer\" data-id=\"cc1b59e\" data-element_type=\"widget\" data-widget_type=\"spacer.default\">\n\t\t\t\t<div class=\"elementor-widget-container\">\n\t\t\t\t\t\t\t<div class=\"elementor-spacer\">\n\t\t\t<div class=\"elementor-spacer-inner\"><\/div>\n\t\t<\/div>\n\t\t\t\t\t\t<\/div>\n\t\t\t\t<\/div>\n\t\t\t\t\t<\/div>\n\t\t\t\t<\/div>\n\t\t\t\t<\/div>\n\t\t","protected":false},"excerpt":{"rendered":"<p>Unsere Schul\u00e4rztin O\u00c4 Dr. Elke Hauser O\u00c4 Dr. Elke Hauser arbeitet als Fach\u00e4rztin f\u00fcr Kinder- und Jugendheilkunde an der Kinderabteilung des UK Krems, unterrichtet auch an der Karl-Landsteiner Privatuniversit\u00e4t und f\u00fchrt in mehreren Gemeinden Nieder\u00f6sterreichs Elternberatungen durch. Als Schul\u00e4rztin der NMS Mautern untersucht sie jede Sch\u00fclerin und jeden Sch\u00fcler einmal pro Schuljahr. Bei Fragen oder [&hellip;]<\/p>\n","protected":false},"author":1,"featured_media":0,"parent":0,"menu_order":0,"comment_status":"closed","ping_status":"closed","template":"","meta":{"footnotes":""},"class_list":["post-503","page","type-page","status-publish","hentry"],"_links":{"self":[{"href":"https:\/\/www.nms-mautern.at\/index.php?rest_route=\/wp\/v2\/pages\/503","targetHints":{"allow":["GET"]}}],"collection":[{"href":"https:\/\/www.nms-mautern.at\/index.php?rest_route=\/wp\/v2\/pages"}],"about":[{"href":"https:\/\/www.nms-mautern.at\/index.php?rest_route=\/wp\/v2\/types\/page"}],"author":[{"embeddable":true,"href":"https:\/\/www.nms-mautern.at\/index.php?rest_route=\/wp\/v2\/users\/1"}],"replies":[{"embeddable":true,"href":"https:\/\/www.nms-mautern.at\/index.php?rest_route=%2Fwp%2Fv2%2Fcomments&post=503"}],"version-history":[{"count":22,"href":"https:\/\/www.nms-mautern.at\/index.php?rest_route=\/wp\/v2\/pages\/503\/revisions"}],"predecessor-version":[{"id":3196,"href":"https:\/\/www.nms-mautern.at\/index.php?rest_route=\/wp\/v2\/pages\/503\/revisions\/3196"}],"wp:attachment":[{"href":"https:\/\/www.nms-mautern.at\/index.php?rest_route=%2Fwp%2Fv2%2Fmedia&parent=503"}],"curies":[{"name":"wp","href":"https:\/\/api.w.org\/{rel}","templated":true}]}}