{"id":507,"date":"2025-04-09T14:37:52","date_gmt":"2025-04-09T12:37:52","guid":{"rendered":"https:\/\/www.test.nms-mautern.at\/?page_id=507"},"modified":"2025-08-21T11:07:29","modified_gmt":"2025-08-21T09:07:29","slug":"elternverein","status":"publish","type":"page","link":"https:\/\/www.nms-mautern.at\/?page_id=507","title":{"rendered":"Elternverein"},"content":{"rendered":"\t\t<div data-elementor-type=\"wp-page\" data-elementor-id=\"507\" class=\"elementor elementor-507\" data-elementor-post-type=\"page\">\n\t\t\t\t<div class=\"has_eae_slider elementor-element elementor-element-b48f8dc e-flex e-con-boxed e-con e-parent\" data-eae-slider=\"64070\" data-id=\"b48f8dc\" data-element_type=\"container\">\n\t\t\t\t\t<div class=\"e-con-inner\">\n\t\t\t\t<div class=\"elementor-element elementor-element-92ca78d elementor-widget elementor-widget-spacer\" data-id=\"92ca78d\" data-element_type=\"widget\" data-widget_type=\"spacer.default\">\n\t\t\t\t<div class=\"elementor-widget-container\">\n\t\t\t\t\t\t\t<div class=\"elementor-spacer\">\n\t\t\t<div class=\"elementor-spacer-inner\"><\/div>\n\t\t<\/div>\n\t\t\t\t\t\t<\/div>\n\t\t\t\t<\/div>\n\t\t\t\t<div class=\"elementor-element elementor-element-448e9c6 elementor-widget elementor-widget-heading\" data-id=\"448e9c6\" data-element_type=\"widget\" data-widget_type=\"heading.default\">\n\t\t\t\t<div class=\"elementor-widget-container\">\n\t\t\t\t\t<h2 class=\"elementor-heading-title elementor-size-default\">Elternverein<\/h2>\t\t\t\t<\/div>\n\t\t\t\t<\/div>\n\t\t\t\t\t<\/div>\n\t\t\t\t<\/div>\n\t\t<div class=\"has_eae_slider elementor-element elementor-element-b472c64 e-flex e-con-boxed e-con e-parent\" data-eae-slider=\"35084\" data-id=\"b472c64\" data-element_type=\"container\">\n\t\t\t\t\t<div class=\"e-con-inner\">\n\t\t\t\t<div class=\"elementor-element elementor-element-6a72b67 elementor-widget elementor-widget-image\" data-id=\"6a72b67\" data-element_type=\"widget\" data-widget_type=\"image.default\">\n\t\t\t\t<div class=\"elementor-widget-container\">\n\t\t\t\t\t\t\t\t\t\t\t\t\t\t\t<img fetchpriority=\"high\" decoding=\"async\" width=\"800\" height=\"448\" src=\"https:\/\/www.nms-mautern.at\/wp-content\/uploads\/2025\/06\/Screenshot-2025-06-03-191359-1024x573.png\" class=\"attachment-large size-large wp-image-773\" alt=\"\" srcset=\"https:\/\/www.nms-mautern.at\/wp-content\/uploads\/2025\/06\/Screenshot-2025-06-03-191359-1024x573.png 1024w, https:\/\/www.nms-mautern.at\/wp-content\/uploads\/2025\/06\/Screenshot-2025-06-03-191359-300x168.png 300w, https:\/\/www.nms-mautern.at\/wp-content\/uploads\/2025\/06\/Screenshot-2025-06-03-191359-768x430.png 768w, https:\/\/www.nms-mautern.at\/wp-content\/uploads\/2025\/06\/Screenshot-2025-06-03-191359.png 1242w\" sizes=\"(max-width: 800px) 100vw, 800px\" \/>\t\t\t\t\t\t\t\t\t\t\t\t\t\t\t<\/div>\n\t\t\t\t<\/div>\n\t\t\t\t\t<\/div>\n\t\t\t\t<\/div>\n\t\t<div class=\"has_eae_slider elementor-element elementor-element-af7d12b e-flex e-con-boxed e-con e-parent\" data-eae-slider=\"50234\" data-id=\"af7d12b\" data-element_type=\"container\">\n\t\t\t\t\t<div class=\"e-con-inner\">\n\t\t\t\t<div class=\"elementor-element elementor-element-94e9181 elementor-widget__width-initial elementor-widget elementor-widget-shortcode\" data-id=\"94e9181\" data-element_type=\"widget\" data-widget_type=\"shortcode.default\">\n\t\t\t\t<div class=\"elementor-widget-container\">\n\t\t\t\t\t\t\t<div class=\"elementor-shortcode\">\n<table id=\"tablepress-2\" class=\"tablepress tablepress-id-2\">\n<tbody class=\"row-striping row-hover\">\n<tr class=\"row-1\">\n\t<td class=\"column-1\">Obmann:<\/td><td class=\"column-2\">Johannes Schuster<br \/>\n0676\/680 99 71<br \/>\njohannes.schuster@noel.gv.at<br \/>\neinhorn@js-moebel.at<\/td>\n<\/tr>\n<tr class=\"row-2\">\n\t<td class=\"column-1\">1. Obmann-Stellvertreter:<\/td><td class=\"column-2\">Martina Messerer<\/td>\n<\/tr>\n<tr class=\"row-3\">\n\t<td class=\"column-1\">2. Obmann-Stellvertreter:<\/td><td class=\"column-2\">Philipp Sm\u00f6ch<\/td>\n<\/tr>\n<tr class=\"row-4\">\n\t<td class=\"column-1\">Schriftf\u00fchrerin:<\/td><td class=\"column-2\">Beate Emberger<\/td>\n<\/tr>\n<tr class=\"row-5\">\n\t<td class=\"column-1\">Schriftf\u00fchrerin-Stellvertreterin:<\/td><td class=\"column-2\">Nicole Lehmann<\/td>\n<\/tr>\n<tr class=\"row-6\">\n\t<td class=\"column-1\">Kassierin:<\/td><td class=\"column-2\">Claudia Blam<\/td>\n<\/tr>\n<tr class=\"row-7\">\n\t<td class=\"column-1\">Kassierin-Stellvertreterin:<\/td><td class=\"column-2\">Doris P\u00f6lleritzer<\/td>\n<\/tr>\n<tr class=\"row-8\">\n\t<td class=\"column-1\">Rechnungspr\u00fcfer:<\/td><td class=\"column-2\">Christa Bamberger<br \/>\nStefan Emberger<\/td>\n<\/tr>\n<\/tbody>\n<\/table>\n<!-- #tablepress-2 from cache --><\/div>\n\t\t\t\t\t\t<\/div>\n\t\t\t\t<\/div>\n\t\t\t\t\t<\/div>\n\t\t\t\t<\/div>\n\t\t<div class=\"has_eae_slider elementor-element elementor-element-f1b0b27 e-flex e-con-boxed e-con e-parent\" data-eae-slider=\"94619\" data-id=\"f1b0b27\" data-element_type=\"container\">\n\t\t\t\t\t<div class=\"e-con-inner\">\n\t\t\t\t<div class=\"elementor-element elementor-element-f9aac4f elementor-widget elementor-widget-heading\" data-id=\"f9aac4f\" data-element_type=\"widget\" data-widget_type=\"heading.default\">\n\t\t\t\t<div class=\"elementor-widget-container\">\n\t\t\t\t\t<h2 class=\"elementor-heading-title elementor-size-default\">Aufgaben des Elternvereins<\/h2>\t\t\t\t<\/div>\n\t\t\t\t<\/div>\n\t\t\t\t\t<\/div>\n\t\t\t\t<\/div>\n\t\t<div class=\"has_eae_slider elementor-element elementor-element-3a23def e-flex e-con-boxed e-con e-parent\" data-eae-slider=\"49113\" data-id=\"3a23def\" data-element_type=\"container\">\n\t\t\t\t\t<div class=\"e-con-inner\">\n\t\t\t\t<div class=\"elementor-element elementor-element-94f644e elementor-widget elementor-widget-text-editor\" data-id=\"94f644e\" data-element_type=\"widget\" data-widget_type=\"text-editor.default\">\n\t\t\t\t<div class=\"elementor-widget-container\">\n\t\t\t\t\t\t\t\t\t<ul>\n<li>Wahrung der Elternrechte<\/li>\n<li>Enge Zusammenarbeit mit Eltern, SchulleiterInnen und LehrerInnen, um die Unterrichts- und Erziehungsarbeit das Schule positiv zu beeinflussen<\/li>\n<li>Mitverantwortung in Bezug auf das Schulgeschehen<\/li>\n<li>Beratung der Eltern bei Fragen, die das Schulgeschehen betreffen<\/li>\n<li>Hilfe und Unterst\u00fctzung f\u00fcr bed\u00fcrftige Sch\u00fclerInnen (aber keine regelm\u00e4\u00dfige F\u00fcrsorget\u00e4tigkeit)<\/li>\n<li>Durchf\u00fchrung von Veranstaltungen, die den Vereinszweck f\u00f6rdern<\/li>\n<li>Unterst\u00fctzung der Aktivit\u00e4ten der Schulgemeinschaft<\/li>\n<li>Unterst\u00fctzung bei Anschaffung besonderer Lehrmittel<\/li>\n<\/ul>\t\t\t\t\t\t\t\t<\/div>\n\t\t\t\t<\/div>\n\t\t\t\t\t<\/div>\n\t\t\t\t<\/div>\n\t\t<div class=\"has_eae_slider elementor-element elementor-element-7156a88 e-flex e-con-boxed e-con e-parent\" data-eae-slider=\"68045\" data-id=\"7156a88\" data-element_type=\"container\">\n\t\t\t\t\t<div class=\"e-con-inner\">\n\t\t\t\t<div class=\"elementor-element elementor-element-7267685 elementor-widget elementor-widget-heading\" data-id=\"7267685\" data-element_type=\"widget\" data-widget_type=\"heading.default\">\n\t\t\t\t<div class=\"elementor-widget-container\">\n\t\t\t\t\t<h2 class=\"elementor-heading-title elementor-size-default\">Was kann ich als Elternvertreter\/in tun?<\/h2>\t\t\t\t<\/div>\n\t\t\t\t<\/div>\n\t\t\t\t\t<\/div>\n\t\t\t\t<\/div>\n\t\t<div class=\"has_eae_slider elementor-element elementor-element-4ebce93 e-flex e-con-boxed e-con e-parent\" data-eae-slider=\"84623\" data-id=\"4ebce93\" data-element_type=\"container\">\n\t\t\t\t\t<div class=\"e-con-inner\">\n\t\t\t\t<div class=\"elementor-element elementor-element-947c7cd elementor-widget elementor-widget-text-editor\" data-id=\"947c7cd\" data-element_type=\"widget\" data-widget_type=\"text-editor.default\">\n\t\t\t\t<div class=\"elementor-widget-container\">\n\t\t\t\t\t\t\t\t\t<ul><li>Die Interessen des Elternvereins in den Klassen wahren<\/li><li>Die Klasseneltern \u00fcber die Beratungen und Beschl\u00fcsse im Elternvereinsausschuss und in der Jahreshauptversammlung informieren<\/li><li>Anregungen, W\u00fcnsche und Beschwerden der Eltern an den Elternvereinsausschuss bzw. den\/die Vorsitzenden \u00fcbermitteln<\/li><li>Die KlassenlehrerInnen in ihrem Bestreben unterst\u00fctzen, ein positives Klima in der Klasse herzustellen und zu erhalten<\/li><li>Durch Gespr\u00e4che mit Eltern, Sch\u00fclerInnen und LehrerInnen versuchen, Probleme zu l\u00f6sen<\/li><\/ul>\t\t\t\t\t\t\t\t<\/div>\n\t\t\t\t<\/div>\n\t\t\t\t\t<\/div>\n\t\t\t\t<\/div>\n\t\t<div class=\"has_eae_slider elementor-element elementor-element-76ebfa0 e-flex e-con-boxed e-con e-parent\" data-eae-slider=\"11105\" data-id=\"76ebfa0\" data-element_type=\"container\">\n\t\t\t\t\t<div class=\"e-con-inner\">\n\t\t\t\t<div class=\"elementor-element elementor-element-99403bd elementor-widget elementor-widget-heading\" data-id=\"99403bd\" data-element_type=\"widget\" data-widget_type=\"heading.default\">\n\t\t\t\t<div class=\"elementor-widget-container\">\n\t\t\t\t\t<h2 class=\"elementor-heading-title elementor-size-default\">Mitgliedschaft<\/h2>\t\t\t\t<\/div>\n\t\t\t\t<\/div>\n\t\t\t\t\t<\/div>\n\t\t\t\t<\/div>\n\t\t<div class=\"has_eae_slider elementor-element elementor-element-cd4912a e-flex e-con-boxed e-con e-parent\" data-eae-slider=\"6763\" data-id=\"cd4912a\" data-element_type=\"container\">\n\t\t\t\t\t<div class=\"e-con-inner\">\n\t\t\t\t<div class=\"elementor-element elementor-element-40b413d elementor-widget elementor-widget-text-editor\" data-id=\"40b413d\" data-element_type=\"widget\" data-widget_type=\"text-editor.default\">\n\t\t\t\t<div class=\"elementor-widget-container\">\n\t\t\t\t\t\t\t\t\t<ul><li>Freiwillig<\/li><li>Durch Zahlung eines Mitgliedsbeitrages von 15 Euro<\/li><li>Mitglied sind die Eltern, daher ist der Beitrag bei Geschwistern nur einmal zu bezahlen<\/li><li>Nur Mitglieder in der Hauptversammlung sind aktiv und passiv w\u00e4hlbar<\/li><li>Die Teilnahme an der Hauptversammlung gilt als Willenkundgebung f\u00fcr den Erhalt des Wahlrechts<\/li><\/ul><div>\u00a0<\/div><div>\u00a0<\/div><h5 style=\"text-align: center;\">Zus\u00e4tzliche Spenden werden gerne angenommen, sie erh\u00f6hen die F\u00f6rderm\u00f6glichkeiten f\u00fcr die Sch\u00fclerInnen<\/h5><h3 style=\"text-align: center;\">IBAN: AT20 2022 8004 0041 9487<\/h3><p>\u00a0<\/p><h3 style=\"text-align: center;\"><span style=\"color: #0000ff;\">Z\u00f6gern Sie nicht, mit Anliegen an uns heranzutreten!<\/span><\/h3>\t\t\t\t\t\t\t\t<\/div>\n\t\t\t\t<\/div>\n\t\t\t\t\t<\/div>\n\t\t\t\t<\/div>\n\t\t\t\t<\/div>\n\t\t","protected":false},"excerpt":{"rendered":"<p>Elternverein Aufgaben des Elternvereins Wahrung der Elternrechte Enge Zusammenarbeit mit Eltern, SchulleiterInnen und LehrerInnen, um die Unterrichts- und Erziehungsarbeit das Schule positiv zu beeinflussen Mitverantwortung in Bezug auf das Schulgeschehen Beratung der Eltern bei Fragen, die das Schulgeschehen betreffen Hilfe und Unterst\u00fctzung f\u00fcr bed\u00fcrftige Sch\u00fclerInnen (aber keine regelm\u00e4\u00dfige F\u00fcrsorget\u00e4tigkeit) Durchf\u00fchrung von Veranstaltungen, die den Vereinszweck [&hellip;]<\/p>\n","protected":false},"author":1,"featured_media":0,"parent":0,"menu_order":0,"comment_status":"closed","ping_status":"closed","template":"","meta":{"footnotes":""},"class_list":["post-507","page","type-page","status-publish","hentry"],"_links":{"self":[{"href":"https:\/\/www.nms-mautern.at\/index.php?rest_route=\/wp\/v2\/pages\/507","targetHints":{"allow":["GET"]}}],"collection":[{"href":"https:\/\/www.nms-mautern.at\/index.php?rest_route=\/wp\/v2\/pages"}],"about":[{"href":"https:\/\/www.nms-mautern.at\/index.php?rest_route=\/wp\/v2\/types\/page"}],"author":[{"embeddable":true,"href":"https:\/\/www.nms-mautern.at\/index.php?rest_route=\/wp\/v2\/users\/1"}],"replies":[{"embeddable":true,"href":"https:\/\/www.nms-mautern.at\/index.php?rest_route=%2Fwp%2Fv2%2Fcomments&post=507"}],"version-history":[{"count":49,"href":"https:\/\/www.nms-mautern.at\/index.php?rest_route=\/wp\/v2\/pages\/507\/revisions"}],"predecessor-version":[{"id":2452,"href":"https:\/\/www.nms-mautern.at\/index.php?rest_route=\/wp\/v2\/pages\/507\/revisions\/2452"}],"wp:attachment":[{"href":"https:\/\/www.nms-mautern.at\/index.php?rest_route=%2Fwp%2Fv2%2Fmedia&parent=507"}],"curies":[{"name":"wp","href":"https:\/\/api.w.org\/{rel}","templated":true}]}}