{"id":515,"date":"2025-04-09T14:38:51","date_gmt":"2025-04-09T12:38:51","guid":{"rendered":"https:\/\/www.test.nms-mautern.at\/?page_id=515"},"modified":"2025-06-11T16:13:21","modified_gmt":"2025-06-11T14:13:21","slug":"leitbild","status":"publish","type":"page","link":"https:\/\/www.nms-mautern.at\/?page_id=515","title":{"rendered":"Leitbild"},"content":{"rendered":"\t\t<div data-elementor-type=\"wp-page\" data-elementor-id=\"515\" class=\"elementor elementor-515\" data-elementor-post-type=\"page\">\n\t\t\t\t<div class=\"has_eae_slider elementor-element elementor-element-237d5b7 e-flex e-con-boxed e-con e-parent\" data-eae-slider=\"57151\" data-id=\"237d5b7\" data-element_type=\"container\">\n\t\t\t\t\t<div class=\"e-con-inner\">\n\t\t\t\t<div class=\"elementor-element elementor-element-0d9bf38 elementor-widget elementor-widget-spacer\" data-id=\"0d9bf38\" data-element_type=\"widget\" data-widget_type=\"spacer.default\">\n\t\t\t\t<div class=\"elementor-widget-container\">\n\t\t\t\t\t\t\t<div class=\"elementor-spacer\">\n\t\t\t<div class=\"elementor-spacer-inner\"><\/div>\n\t\t<\/div>\n\t\t\t\t\t\t<\/div>\n\t\t\t\t<\/div>\n\t\t\t\t<div class=\"elementor-element elementor-element-0d528da elementor-widget elementor-widget-heading\" data-id=\"0d528da\" data-element_type=\"widget\" data-widget_type=\"heading.default\">\n\t\t\t\t<div class=\"elementor-widget-container\">\n\t\t\t\t\t<h1 class=\"elementor-heading-title elementor-size-default\">Leitbild<\/h1>\t\t\t\t<\/div>\n\t\t\t\t<\/div>\n\t\t\t\t\t<\/div>\n\t\t\t\t<\/div>\n\t\t<div class=\"has_eae_slider elementor-element elementor-element-6044f75 e-flex e-con-boxed e-con e-parent\" data-eae-slider=\"88548\" data-id=\"6044f75\" data-element_type=\"container\">\n\t\t\t\t\t<div class=\"e-con-inner\">\n\t\t\t\t<div class=\"elementor-element elementor-element-7295ed1 elementor-widget elementor-widget-heading\" data-id=\"7295ed1\" data-element_type=\"widget\" data-widget_type=\"heading.default\">\n\t\t\t\t<div class=\"elementor-widget-container\">\n\t\t\t\t\t<h2 class=\"elementor-heading-title elementor-size-default\">Bildung<\/h2>\t\t\t\t<\/div>\n\t\t\t\t<\/div>\n\t\t\t\t\t<\/div>\n\t\t\t\t<\/div>\n\t\t<div class=\"has_eae_slider elementor-element elementor-element-c75b7f4 e-flex e-con-boxed e-con e-parent\" data-eae-slider=\"83445\" data-id=\"c75b7f4\" data-element_type=\"container\">\n\t\t\t\t\t<div class=\"e-con-inner\">\n\t\t\t\t<div class=\"elementor-element elementor-element-bbf59e8 elementor-widget elementor-widget-text-editor\" data-id=\"bbf59e8\" data-element_type=\"widget\" data-widget_type=\"text-editor.default\">\n\t\t\t\t<div class=\"elementor-widget-container\">\n\t\t\t\t\t\t\t\t\t<p>Ein modernes Arbeitsumfeld soll Freude und Motivation im schulischen Alltag bewirken und unsere Sch\u00fclerInnen durch den Erwerb einer fundierten Allgemeinbildung optimal auf die zuk\u00fcnftige schulische und berufliche Laufbahn vorbereiten.<br \/>Freude an sportlicher Bet\u00e4tigung sowie die Vermittlung des europ\u00e4ischen Gedankens sind Schwerpunkte unserer Bildungsinhalte.<\/p>\t\t\t\t\t\t\t\t<\/div>\n\t\t\t\t<\/div>\n\t\t\t\t\t<\/div>\n\t\t\t\t<\/div>\n\t\t<div class=\"has_eae_slider elementor-element elementor-element-b9b7e33 e-flex e-con-boxed e-con e-parent\" data-eae-slider=\"96300\" data-id=\"b9b7e33\" data-element_type=\"container\">\n\t\t\t\t\t<div class=\"e-con-inner\">\n\t\t\t\t<div class=\"elementor-element elementor-element-d49c292 elementor-widget elementor-widget-heading\" data-id=\"d49c292\" data-element_type=\"widget\" data-widget_type=\"heading.default\">\n\t\t\t\t<div class=\"elementor-widget-container\">\n\t\t\t\t\t<h2 class=\"elementor-heading-title elementor-size-default\">Unterricht<\/h2>\t\t\t\t<\/div>\n\t\t\t\t<\/div>\n\t\t\t\t\t<\/div>\n\t\t\t\t<\/div>\n\t\t<div class=\"has_eae_slider elementor-element elementor-element-43403cd e-flex e-con-boxed e-con e-parent\" data-eae-slider=\"66059\" data-id=\"43403cd\" data-element_type=\"container\">\n\t\t\t\t\t<div class=\"e-con-inner\">\n\t\t\t\t<div class=\"elementor-element elementor-element-73acb76 elementor-widget elementor-widget-text-editor\" data-id=\"73acb76\" data-element_type=\"widget\" data-widget_type=\"text-editor.default\">\n\t\t\t\t<div class=\"elementor-widget-container\">\n\t\t\t\t\t\t\t\t\t<p>Ein Schwerpunkt an unserer Schule ist das Hinf\u00fchren der Sch\u00fclerInnen zu eigenverantwortlichem Arbeiten und Wissenserwerb, sowie der Einsatz moderner Technologien und Methoden.<br \/>Leistungsorientiertes und verantwortungsvolles Denken und Handeln soll Basis sowohl f\u00fcr Lehrberufe als auch f\u00fcr weiterf\u00fchrende Schulen sein.<\/p>\t\t\t\t\t\t\t\t<\/div>\n\t\t\t\t<\/div>\n\t\t\t\t\t<\/div>\n\t\t\t\t<\/div>\n\t\t<div class=\"has_eae_slider elementor-element elementor-element-b092988 e-flex e-con-boxed e-con e-parent\" data-eae-slider=\"58888\" data-id=\"b092988\" data-element_type=\"container\">\n\t\t\t\t\t<div class=\"e-con-inner\">\n\t\t\t\t<div class=\"elementor-element elementor-element-7045635 elementor-widget elementor-widget-heading\" data-id=\"7045635\" data-element_type=\"widget\" data-widget_type=\"heading.default\">\n\t\t\t\t<div class=\"elementor-widget-container\">\n\t\t\t\t\t<h2 class=\"elementor-heading-title elementor-size-default\">Erziehung<\/h2>\t\t\t\t<\/div>\n\t\t\t\t<\/div>\n\t\t\t\t\t<\/div>\n\t\t\t\t<\/div>\n\t\t<div class=\"has_eae_slider elementor-element elementor-element-9fd7639 e-flex e-con-boxed e-con e-parent\" data-eae-slider=\"80973\" data-id=\"9fd7639\" data-element_type=\"container\">\n\t\t\t\t\t<div class=\"e-con-inner\">\n\t\t\t\t<div class=\"elementor-element elementor-element-0640663 elementor-widget elementor-widget-text-editor\" data-id=\"0640663\" data-element_type=\"widget\" data-widget_type=\"text-editor.default\">\n\t\t\t\t<div class=\"elementor-widget-container\">\n\t\t\t\t\t\t\t\t\t<p>An unserer Schule legen wir Wert auf einen Ordnungsrahmen mit klaren Regeln, Grenzen und Konsequenzen. Respektvolle Umgangsformen, gegenseitige Wertsch\u00e4tzung sowie die Erziehung zu sozialen F\u00e4higkeiten wie Kooperation, Kommunikation und Konfliktf\u00e4higkeit sind f\u00fcr uns von zentraler Bedeutung und sollen zu einer gesunden Pers\u00f6nlichkeitsentwicklung beitragen.<\/p>\t\t\t\t\t\t\t\t<\/div>\n\t\t\t\t<\/div>\n\t\t\t\t\t<\/div>\n\t\t\t\t<\/div>\n\t\t<div class=\"has_eae_slider elementor-element elementor-element-77dc62b e-flex e-con-boxed e-con e-parent\" data-eae-slider=\"55259\" data-id=\"77dc62b\" data-element_type=\"container\">\n\t\t\t\t\t<div class=\"e-con-inner\">\n\t\t\t\t<div class=\"elementor-element elementor-element-f03af31 elementor-widget elementor-widget-heading\" data-id=\"f03af31\" data-element_type=\"widget\" data-widget_type=\"heading.default\">\n\t\t\t\t<div class=\"elementor-widget-container\">\n\t\t\t\t\t<h2 class=\"elementor-heading-title elementor-size-default\">F\u00f6rderung\/F\u00f6rderkonzept<\/h2>\t\t\t\t<\/div>\n\t\t\t\t<\/div>\n\t\t\t\t\t<\/div>\n\t\t\t\t<\/div>\n\t\t<div class=\"has_eae_slider elementor-element elementor-element-2854e9a e-flex e-con-boxed e-con e-parent\" data-eae-slider=\"82896\" data-id=\"2854e9a\" data-element_type=\"container\">\n\t\t\t\t\t<div class=\"e-con-inner\">\n\t\t\t\t<div class=\"elementor-element elementor-element-171f1e2 elementor-widget elementor-widget-text-editor\" data-id=\"171f1e2\" data-element_type=\"widget\" data-widget_type=\"text-editor.default\">\n\t\t\t\t<div class=\"elementor-widget-container\">\n\t\t\t\t\t\t\t\t\t<p>Wir sind eine Schule, die gro\u00dfen Wert auf F\u00f6rderung in vielerlei Hinsicht legt. Neben einem vielf\u00e4ltigen Angebot f\u00fcr F\u00f6rderung von speziellen Begabungen und der Kreativit\u00e4t, wollen wir Sch\u00fclerInnen mit Lerndefiziten und Lern\u00e4ngsten besondere Aufmerksamkeit widmen.<\/p>\t\t\t\t\t\t\t\t<\/div>\n\t\t\t\t<\/div>\n\t\t\t\t\t<\/div>\n\t\t\t\t<\/div>\n\t\t<div class=\"has_eae_slider elementor-element elementor-element-5dbfeec e-flex e-con-boxed e-con e-parent\" data-eae-slider=\"70070\" data-id=\"5dbfeec\" data-element_type=\"container\">\n\t\t\t\t\t<div class=\"e-con-inner\">\n\t\t\t\t<div class=\"elementor-element elementor-element-1a508b4 elementor-widget elementor-widget-heading\" data-id=\"1a508b4\" data-element_type=\"widget\" data-widget_type=\"heading.default\">\n\t\t\t\t<div class=\"elementor-widget-container\">\n\t\t\t\t\t<h2 class=\"elementor-heading-title elementor-size-default\">Schulpartnerschaft<\/h2>\t\t\t\t<\/div>\n\t\t\t\t<\/div>\n\t\t\t\t\t<\/div>\n\t\t\t\t<\/div>\n\t\t<div class=\"has_eae_slider elementor-element elementor-element-de5c29e e-flex e-con-boxed e-con e-parent\" data-eae-slider=\"67852\" data-id=\"de5c29e\" data-element_type=\"container\">\n\t\t\t\t\t<div class=\"e-con-inner\">\n\t\t\t\t<div class=\"elementor-element elementor-element-b590e6a elementor-widget elementor-widget-text-editor\" data-id=\"b590e6a\" data-element_type=\"widget\" data-widget_type=\"text-editor.default\">\n\t\t\t\t<div class=\"elementor-widget-container\">\n\t\t\t\t\t\t\t\t\t<p>Besonderes Augenmerk legen wir auf gute Zusammenarbeit von Sch\u00fclern, Lehrern und Erziehungsberechtigten im Sinne einer echten Schulpartnerschaft.<\/p>\t\t\t\t\t\t\t\t<\/div>\n\t\t\t\t<\/div>\n\t\t\t\t\t<\/div>\n\t\t\t\t<\/div>\n\t\t<div class=\"has_eae_slider elementor-element elementor-element-5e587bd e-flex e-con-boxed e-con e-parent\" data-eae-slider=\"57721\" data-id=\"5e587bd\" data-element_type=\"container\">\n\t\t\t\t\t<div class=\"e-con-inner\">\n\t\t\t\t<div class=\"elementor-element elementor-element-5b626e5 elementor-widget elementor-widget-heading\" data-id=\"5b626e5\" data-element_type=\"widget\" data-widget_type=\"heading.default\">\n\t\t\t\t<div class=\"elementor-widget-container\">\n\t\t\t\t\t<h2 class=\"elementor-heading-title elementor-size-default\">\u00d6ffentlichkeitsarbeit<\/h2>\t\t\t\t<\/div>\n\t\t\t\t<\/div>\n\t\t\t\t\t<\/div>\n\t\t\t\t<\/div>\n\t\t<div class=\"has_eae_slider elementor-element elementor-element-8ca65ff e-flex e-con-boxed e-con e-parent\" data-eae-slider=\"89961\" data-id=\"8ca65ff\" data-element_type=\"container\">\n\t\t\t\t\t<div class=\"e-con-inner\">\n\t\t\t\t<div class=\"elementor-element elementor-element-d79c2e0 elementor-widget elementor-widget-text-editor\" data-id=\"d79c2e0\" data-element_type=\"widget\" data-widget_type=\"text-editor.default\">\n\t\t\t\t<div class=\"elementor-widget-container\">\n\t\t\t\t\t\t\t\t\t<p>Zur Pr\u00e4sentation in der \u00d6ffentlichkeit nutzen wir regelm\u00e4\u00dfig die M\u00f6glichkeiten zur Teilnahme an Wettbewerben und Projekten. Im Zuge von \u00f6ffentlichen Schulveranstaltungen zeigen wir unsere Leistungen allen Interessierten.<\/p>\t\t\t\t\t\t\t\t<\/div>\n\t\t\t\t<\/div>\n\t\t\t\t\t<\/div>\n\t\t\t\t<\/div>\n\t\t\t\t<\/div>\n\t\t","protected":false},"excerpt":{"rendered":"<p>Leitbild Bildung Ein modernes Arbeitsumfeld soll Freude und Motivation im schulischen Alltag bewirken und unsere Sch\u00fclerInnen durch den Erwerb einer fundierten Allgemeinbildung optimal auf die zuk\u00fcnftige schulische und berufliche Laufbahn vorbereiten.Freude an sportlicher Bet\u00e4tigung sowie die Vermittlung des europ\u00e4ischen Gedankens sind Schwerpunkte unserer Bildungsinhalte. Unterricht Ein Schwerpunkt an unserer Schule ist das Hinf\u00fchren der Sch\u00fclerInnen [&hellip;]<\/p>\n","protected":false},"author":1,"featured_media":0,"parent":0,"menu_order":0,"comment_status":"closed","ping_status":"closed","template":"","meta":{"footnotes":""},"class_list":["post-515","page","type-page","status-publish","hentry"],"_links":{"self":[{"href":"https:\/\/www.nms-mautern.at\/index.php?rest_route=\/wp\/v2\/pages\/515","targetHints":{"allow":["GET"]}}],"collection":[{"href":"https:\/\/www.nms-mautern.at\/index.php?rest_route=\/wp\/v2\/pages"}],"about":[{"href":"https:\/\/www.nms-mautern.at\/index.php?rest_route=\/wp\/v2\/types\/page"}],"author":[{"embeddable":true,"href":"https:\/\/www.nms-mautern.at\/index.php?rest_route=\/wp\/v2\/users\/1"}],"replies":[{"embeddable":true,"href":"https:\/\/www.nms-mautern.at\/index.php?rest_route=%2Fwp%2Fv2%2Fcomments&post=515"}],"version-history":[{"count":7,"href":"https:\/\/www.nms-mautern.at\/index.php?rest_route=\/wp\/v2\/pages\/515\/revisions"}],"predecessor-version":[{"id":1076,"href":"https:\/\/www.nms-mautern.at\/index.php?rest_route=\/wp\/v2\/pages\/515\/revisions\/1076"}],"wp:attachment":[{"href":"https:\/\/www.nms-mautern.at\/index.php?rest_route=%2Fwp%2Fv2%2Fmedia&parent=515"}],"curies":[{"name":"wp","href":"https:\/\/api.w.org\/{rel}","templated":true}]}}