{"id":519,"date":"2025-04-09T14:39:39","date_gmt":"2025-04-09T12:39:39","guid":{"rendered":"https:\/\/www.test.nms-mautern.at\/?page_id=519"},"modified":"2025-07-17T09:21:53","modified_gmt":"2025-07-17T07:21:53","slug":"hort","status":"publish","type":"page","link":"https:\/\/www.nms-mautern.at\/?page_id=519","title":{"rendered":"Hort"},"content":{"rendered":"\t\t<div data-elementor-type=\"wp-page\" data-elementor-id=\"519\" class=\"elementor elementor-519\" data-elementor-post-type=\"page\">\n\t\t\t\t<div class=\"has_eae_slider elementor-element elementor-element-1cbb315 e-flex e-con-boxed e-con e-parent\" data-eae-slider=\"7922\" data-id=\"1cbb315\" data-element_type=\"container\">\n\t\t\t\t\t<div class=\"e-con-inner\">\n\t\t\t\t<div class=\"elementor-element elementor-element-d013b7f elementor-widget elementor-widget-spacer\" data-id=\"d013b7f\" data-element_type=\"widget\" data-widget_type=\"spacer.default\">\n\t\t\t\t<div class=\"elementor-widget-container\">\n\t\t\t\t\t\t\t<div class=\"elementor-spacer\">\n\t\t\t<div class=\"elementor-spacer-inner\"><\/div>\n\t\t<\/div>\n\t\t\t\t\t\t<\/div>\n\t\t\t\t<\/div>\n\t\t\t\t<div class=\"elementor-element elementor-element-1a01ea0 elementor-widget elementor-widget-heading\" data-id=\"1a01ea0\" data-element_type=\"widget\" data-widget_type=\"heading.default\">\n\t\t\t\t<div class=\"elementor-widget-container\">\n\t\t\t\t\t<h2 class=\"elementor-heading-title elementor-size-default\">N\u00d6 Hort in der Volksschule Mautern<\/h2>\t\t\t\t<\/div>\n\t\t\t\t<\/div>\n\t\t\t\t\t<\/div>\n\t\t\t\t<\/div>\n\t\t<div class=\"has_eae_slider elementor-element elementor-element-4f79594 e-flex e-con-boxed e-con e-parent\" data-eae-slider=\"83890\" data-id=\"4f79594\" data-element_type=\"container\">\n\t\t\t\t\t<div class=\"e-con-inner\">\n\t\t\t\t<div class=\"elementor-element elementor-element-4a2520b elementor-widget elementor-widget-spacer\" data-id=\"4a2520b\" data-element_type=\"widget\" data-widget_type=\"spacer.default\">\n\t\t\t\t<div class=\"elementor-widget-container\">\n\t\t\t\t\t\t\t<div class=\"elementor-spacer\">\n\t\t\t<div class=\"elementor-spacer-inner\"><\/div>\n\t\t<\/div>\n\t\t\t\t\t\t<\/div>\n\t\t\t\t<\/div>\n\t\t\t\t<div class=\"elementor-element elementor-element-3decaf7 elementor-widget elementor-widget-text-editor\" data-id=\"3decaf7\" data-element_type=\"widget\" data-widget_type=\"text-editor.default\">\n\t\t\t\t<div class=\"elementor-widget-container\">\n\t\t\t\t\t\t\t\t\t<p>An die <strong>Volksschule<\/strong> Mautern ist ein Hort angeschlossen, in dem die Kinder der Volksschule und\u00a0<span style=\"font-size: 1rem;\">der Mittelschule, an Schultagen zwischen Unterrichtsschluss und 17 Uhr von drei\u00a0<\/span><span style=\"font-size: 1rem;\">Elementarp\u00e4dagoginnen und einer Hort-Helferin betreut werden.<\/span><\/p><p>Zu dieser Betreuung geh\u00f6rt das gemeinsame Mittagessen, Spielen, Turnen, der Aufenthalt im\u00a0<span style=\"font-size: 1rem;\">Freien, die selbstst\u00e4ndige Aufgabenerledigung unter Aufsicht, Malen, Backen, Feste feiern,\u00a0<\/span><span style=\"font-size: 1rem;\">Kreatives Gestalten und vieles mehr.<\/span><\/p><p>Die Betreuungsstunden k\u00f6nnen f\u00fcr einzelne Tage aber auch f\u00fcr die ganze Schulwoche\u00a0<span style=\"font-size: 1rem;\">angemeldet werden. \u00c4nderungen, An- und Abmeldungen sind jeweils vor Beginn eines\u00a0<\/span><span style=\"font-size: 1rem;\">neuen Semesters m\u00f6glich. Die Beitr\u00e4ge sind nach Betreuungsstunden je Monat wie folgt\u00a0<\/span><span style=\"font-size: 1rem;\">gestaffelt und werden immer im darauffolgenden Monat verrechnet.<\/span><\/p>\t\t\t\t\t\t\t\t<\/div>\n\t\t\t\t<\/div>\n\t\t\t\t\t<\/div>\n\t\t\t\t<\/div>\n\t\t<div class=\"has_eae_slider elementor-element elementor-element-c183987 e-flex e-con-boxed e-con e-parent\" data-eae-slider=\"32168\" data-id=\"c183987\" data-element_type=\"container\">\n\t\t\t\t\t<div class=\"e-con-inner\">\n\t\t\t\t<div class=\"elementor-element elementor-element-1a88130 elementor-widget elementor-widget-heading\" data-id=\"1a88130\" data-element_type=\"widget\" data-widget_type=\"heading.default\">\n\t\t\t\t<div class=\"elementor-widget-container\">\n\t\t\t\t\t<h2 class=\"elementor-heading-title elementor-size-default\">Kosten<\/h2>\t\t\t\t<\/div>\n\t\t\t\t<\/div>\n\t\t\t\t\t<\/div>\n\t\t\t\t<\/div>\n\t\t<div class=\"has_eae_slider elementor-element elementor-element-5e01293 e-flex e-con-boxed e-con e-parent\" data-eae-slider=\"27865\" data-id=\"5e01293\" data-element_type=\"container\">\n\t\t\t\t\t<div class=\"e-con-inner\">\n\t\t\t\t<div class=\"elementor-element elementor-element-e37f2ee elementor-widget elementor-widget-text-editor\" data-id=\"e37f2ee\" data-element_type=\"widget\" data-widget_type=\"text-editor.default\">\n\t\t\t\t<div class=\"elementor-widget-container\">\n\t\t\t\t\t\t\t\t\t<ul><li>bis 25 Stunden (=Mindesttarif) pro Monat: EUR 100,00 (f\u00fcr jedes weitere Kind EUR 75,00)<br \/><br \/><\/li><li>ab 25 Stunden pro Monat: EUR 125,00 (f\u00fcr jedes weitere Kind EUR 95,00)<br \/><br \/><\/li><\/ul><p>F\u00f6rderungen f\u00fcr Eltern (je nach Einkommen) sind \u00fcber die N\u00d6 Landesregierung m\u00f6glich. Wenn Sie genauere Informationen ben\u00f6tigen, wenden Sie sich bitte an die Stadtgemeinde Mautern.<\/p>\t\t\t\t\t\t\t\t<\/div>\n\t\t\t\t<\/div>\n\t\t\t\t\t<\/div>\n\t\t\t\t<\/div>\n\t\t<div class=\"has_eae_slider elementor-element elementor-element-109be02 e-flex e-con-boxed e-con e-parent\" data-eae-slider=\"4321\" data-id=\"109be02\" data-element_type=\"container\">\n\t\t\t\t\t<div class=\"e-con-inner\">\n\t\t\t\t<div class=\"elementor-element elementor-element-dadc964 elementor-button-info elementor-align-center elementor-widget elementor-widget-button\" data-id=\"dadc964\" data-element_type=\"widget\" data-widget_type=\"button.default\">\n\t\t\t\t<div class=\"elementor-widget-container\">\n\t\t\t\t\t\t\t\t\t<div class=\"elementor-button-wrapper\">\n\t\t\t\t\t<a class=\"elementor-button elementor-button-link elementor-size-sm\" href=\"https:\/\/www.noel.gv.at\/noe\/Kinderbetreuung\/NOe_Kinderbetreuungsfoerderung.html\" target=\"_blank\">\n\t\t\t\t\t\t<span class=\"elementor-button-content-wrapper\">\n\t\t\t\t\t\t<span class=\"elementor-button-icon\">\n\t\t\t\t<svg aria-hidden=\"true\" class=\"e-font-icon-svg e-far-arrow-alt-circle-right\" viewBox=\"0 0 512 512\" xmlns=\"http:\/\/www.w3.org\/2000\/svg\"><path d=\"M504 256C504 119 393 8 256 8S8 119 8 256s111 248 248 248 248-111 248-248zm-448 0c0-110.5 89.5-200 200-200s200 89.5 200 200-89.5 200-200 200S56 366.5 56 256zm72 20v-40c0-6.6 5.4-12 12-12h116v-67c0-10.7 12.9-16 20.5-8.5l99 99c4.7 4.7 4.7 12.3 0 17l-99 99c-7.6 7.6-20.5 2.2-20.5-8.5v-67H140c-6.6 0-12-5.4-12-12z\"><\/path><\/svg>\t\t\t<\/span>\n\t\t\t\t\t\t\t\t\t<span class=\"elementor-button-text\">Hier geht es zur Informationsseite der N\u00d6 Landesregierung \u00fcber die Kinderbetreuungsf\u00f6rderung<\/span>\n\t\t\t\t\t<\/span>\n\t\t\t\t\t<\/a>\n\t\t\t\t<\/div>\n\t\t\t\t\t\t\t\t<\/div>\n\t\t\t\t<\/div>\n\t\t\t\t\t<\/div>\n\t\t\t\t<\/div>\n\t\t<div class=\"has_eae_slider elementor-element elementor-element-ca203e5 e-flex e-con-boxed e-con e-parent\" data-eae-slider=\"48249\" data-id=\"ca203e5\" data-element_type=\"container\">\n\t\t\t\t\t<div class=\"e-con-inner\">\n\t\t\t\t<div class=\"elementor-element elementor-element-bec46c4 elementor-widget elementor-widget-spacer\" data-id=\"bec46c4\" data-element_type=\"widget\" data-widget_type=\"spacer.default\">\n\t\t\t\t<div class=\"elementor-widget-container\">\n\t\t\t\t\t\t\t<div class=\"elementor-spacer\">\n\t\t\t<div class=\"elementor-spacer-inner\"><\/div>\n\t\t<\/div>\n\t\t\t\t\t\t<\/div>\n\t\t\t\t<\/div>\n\t\t\t\t<div class=\"elementor-element elementor-element-d0687ac elementor-widget elementor-widget-gallery\" data-id=\"d0687ac\" data-element_type=\"widget\" data-settings=\"{&quot;lazyload&quot;:&quot;yes&quot;,&quot;gallery_layout&quot;:&quot;grid&quot;,&quot;columns&quot;:4,&quot;columns_tablet&quot;:2,&quot;columns_mobile&quot;:1,&quot;gap&quot;:{&quot;unit&quot;:&quot;px&quot;,&quot;size&quot;:10,&quot;sizes&quot;:[]},&quot;gap_tablet&quot;:{&quot;unit&quot;:&quot;px&quot;,&quot;size&quot;:10,&quot;sizes&quot;:[]},&quot;gap_mobile&quot;:{&quot;unit&quot;:&quot;px&quot;,&quot;size&quot;:10,&quot;sizes&quot;:[]},&quot;link_to&quot;:&quot;file&quot;,&quot;aspect_ratio&quot;:&quot;3:2&quot;,&quot;overlay_background&quot;:&quot;yes&quot;,&quot;content_hover_animation&quot;:&quot;fade-in&quot;}\" data-widget_type=\"gallery.default\">\n\t\t\t\t<div class=\"elementor-widget-container\">\n\t\t\t\t\t\t\t<div class=\"elementor-gallery__container\">\n\t\t\t\t\t\t\t<a class=\"e-gallery-item elementor-gallery-item elementor-animated-content\" href=\"https:\/\/www.nms-mautern.at\/wp-content\/uploads\/2025\/06\/20250411_102153-scaled.jpg\" data-elementor-open-lightbox=\"yes\" data-elementor-lightbox-slideshow=\"d0687ac\" data-elementor-lightbox-title=\"20250411_102153\" data-e-action-hash=\"#elementor-action%3Aaction%3Dlightbox%26settings%3DeyJpZCI6ODk5LCJ1cmwiOiJodHRwczpcL1wvd3d3Lm5tcy1tYXV0ZXJuLmF0XC93cC1jb250ZW50XC91cGxvYWRzXC8yMDI1XC8wNlwvMjAyNTA0MTFfMTAyMTUzLXNjYWxlZC5qcGciLCJzbGlkZXNob3ciOiJkMDY4N2FjIn0%3D\">\n\t\t\t\t\t<div class=\"e-gallery-image elementor-gallery-item__image\" data-thumbnail=\"https:\/\/www.nms-mautern.at\/wp-content\/uploads\/2025\/06\/20250411_102153-300x225.jpg\" data-width=\"300\" data-height=\"225\" aria-label=\"\" role=\"img\" ><\/div>\n\t\t\t\t\t\t\t\t\t\t\t<div class=\"elementor-gallery-item__overlay\"><\/div>\n\t\t\t\t\t\t\t\t\t\t\t\t\t\t<\/a>\n\t\t\t\t\t\t\t<a class=\"e-gallery-item elementor-gallery-item elementor-animated-content\" href=\"https:\/\/www.nms-mautern.at\/wp-content\/uploads\/2025\/06\/20250411_101129-scaled.jpg\" data-elementor-open-lightbox=\"yes\" data-elementor-lightbox-slideshow=\"d0687ac\" data-elementor-lightbox-title=\"20250411_101129\" data-e-action-hash=\"#elementor-action%3Aaction%3Dlightbox%26settings%3DeyJpZCI6ODk4LCJ1cmwiOiJodHRwczpcL1wvd3d3Lm5tcy1tYXV0ZXJuLmF0XC93cC1jb250ZW50XC91cGxvYWRzXC8yMDI1XC8wNlwvMjAyNTA0MTFfMTAxMTI5LXNjYWxlZC5qcGciLCJzbGlkZXNob3ciOiJkMDY4N2FjIn0%3D\">\n\t\t\t\t\t<div class=\"e-gallery-image elementor-gallery-item__image\" data-thumbnail=\"https:\/\/www.nms-mautern.at\/wp-content\/uploads\/2025\/06\/20250411_101129-225x300.jpg\" data-width=\"225\" data-height=\"300\" aria-label=\"\" role=\"img\" ><\/div>\n\t\t\t\t\t\t\t\t\t\t\t<div class=\"elementor-gallery-item__overlay\"><\/div>\n\t\t\t\t\t\t\t\t\t\t\t\t\t\t<\/a>\n\t\t\t\t\t\t\t<a class=\"e-gallery-item elementor-gallery-item elementor-animated-content\" href=\"https:\/\/www.nms-mautern.at\/wp-content\/uploads\/2025\/06\/20250411_101121-scaled.jpg\" data-elementor-open-lightbox=\"yes\" data-elementor-lightbox-slideshow=\"d0687ac\" data-elementor-lightbox-title=\"20250411_101121\" data-e-action-hash=\"#elementor-action%3Aaction%3Dlightbox%26settings%3DeyJpZCI6ODk3LCJ1cmwiOiJodHRwczpcL1wvd3d3Lm5tcy1tYXV0ZXJuLmF0XC93cC1jb250ZW50XC91cGxvYWRzXC8yMDI1XC8wNlwvMjAyNTA0MTFfMTAxMTIxLXNjYWxlZC5qcGciLCJzbGlkZXNob3ciOiJkMDY4N2FjIn0%3D\">\n\t\t\t\t\t<div class=\"e-gallery-image elementor-gallery-item__image\" data-thumbnail=\"https:\/\/www.nms-mautern.at\/wp-content\/uploads\/2025\/06\/20250411_101121-225x300.jpg\" data-width=\"225\" data-height=\"300\" aria-label=\"\" role=\"img\" ><\/div>\n\t\t\t\t\t\t\t\t\t\t\t<div class=\"elementor-gallery-item__overlay\"><\/div>\n\t\t\t\t\t\t\t\t\t\t\t\t\t\t<\/a>\n\t\t\t\t\t\t\t<a class=\"e-gallery-item elementor-gallery-item elementor-animated-content\" href=\"https:\/\/www.nms-mautern.at\/wp-content\/uploads\/2025\/06\/20250411_101108-scaled.jpg\" data-elementor-open-lightbox=\"yes\" data-elementor-lightbox-slideshow=\"d0687ac\" data-elementor-lightbox-title=\"20250411_101108\" data-e-action-hash=\"#elementor-action%3Aaction%3Dlightbox%26settings%3DeyJpZCI6ODk2LCJ1cmwiOiJodHRwczpcL1wvd3d3Lm5tcy1tYXV0ZXJuLmF0XC93cC1jb250ZW50XC91cGxvYWRzXC8yMDI1XC8wNlwvMjAyNTA0MTFfMTAxMTA4LXNjYWxlZC5qcGciLCJzbGlkZXNob3ciOiJkMDY4N2FjIn0%3D\">\n\t\t\t\t\t<div class=\"e-gallery-image elementor-gallery-item__image\" data-thumbnail=\"https:\/\/www.nms-mautern.at\/wp-content\/uploads\/2025\/06\/20250411_101108-300x225.jpg\" data-width=\"300\" data-height=\"225\" aria-label=\"\" role=\"img\" ><\/div>\n\t\t\t\t\t\t\t\t\t\t\t<div class=\"elementor-gallery-item__overlay\"><\/div>\n\t\t\t\t\t\t\t\t\t\t\t\t\t\t<\/a>\n\t\t\t\t\t\t\t<a class=\"e-gallery-item elementor-gallery-item elementor-animated-content\" href=\"https:\/\/www.nms-mautern.at\/wp-content\/uploads\/2025\/06\/20250411_101053-scaled.jpg\" data-elementor-open-lightbox=\"yes\" data-elementor-lightbox-slideshow=\"d0687ac\" data-elementor-lightbox-title=\"20250411_101053\" data-e-action-hash=\"#elementor-action%3Aaction%3Dlightbox%26settings%3DeyJpZCI6ODk1LCJ1cmwiOiJodHRwczpcL1wvd3d3Lm5tcy1tYXV0ZXJuLmF0XC93cC1jb250ZW50XC91cGxvYWRzXC8yMDI1XC8wNlwvMjAyNTA0MTFfMTAxMDUzLXNjYWxlZC5qcGciLCJzbGlkZXNob3ciOiJkMDY4N2FjIn0%3D\">\n\t\t\t\t\t<div class=\"e-gallery-image elementor-gallery-item__image\" data-thumbnail=\"https:\/\/www.nms-mautern.at\/wp-content\/uploads\/2025\/06\/20250411_101053-300x225.jpg\" data-width=\"300\" data-height=\"225\" aria-label=\"\" role=\"img\" ><\/div>\n\t\t\t\t\t\t\t\t\t\t\t<div class=\"elementor-gallery-item__overlay\"><\/div>\n\t\t\t\t\t\t\t\t\t\t\t\t\t\t<\/a>\n\t\t\t\t\t\t\t<a class=\"e-gallery-item elementor-gallery-item elementor-animated-content\" href=\"https:\/\/www.nms-mautern.at\/wp-content\/uploads\/2025\/06\/20250411_101041-scaled.jpg\" data-elementor-open-lightbox=\"yes\" data-elementor-lightbox-slideshow=\"d0687ac\" data-elementor-lightbox-title=\"20250411_101041\" data-e-action-hash=\"#elementor-action%3Aaction%3Dlightbox%26settings%3DeyJpZCI6ODk0LCJ1cmwiOiJodHRwczpcL1wvd3d3Lm5tcy1tYXV0ZXJuLmF0XC93cC1jb250ZW50XC91cGxvYWRzXC8yMDI1XC8wNlwvMjAyNTA0MTFfMTAxMDQxLXNjYWxlZC5qcGciLCJzbGlkZXNob3ciOiJkMDY4N2FjIn0%3D\">\n\t\t\t\t\t<div class=\"e-gallery-image elementor-gallery-item__image\" data-thumbnail=\"https:\/\/www.nms-mautern.at\/wp-content\/uploads\/2025\/06\/20250411_101041-300x225.jpg\" data-width=\"300\" data-height=\"225\" aria-label=\"\" role=\"img\" ><\/div>\n\t\t\t\t\t\t\t\t\t\t\t<div class=\"elementor-gallery-item__overlay\"><\/div>\n\t\t\t\t\t\t\t\t\t\t\t\t\t\t<\/a>\n\t\t\t\t\t\t\t<a class=\"e-gallery-item elementor-gallery-item elementor-animated-content\" href=\"https:\/\/www.nms-mautern.at\/wp-content\/uploads\/2025\/06\/20250411_101030-scaled.jpg\" data-elementor-open-lightbox=\"yes\" data-elementor-lightbox-slideshow=\"d0687ac\" data-elementor-lightbox-title=\"20250411_101030\" data-e-action-hash=\"#elementor-action%3Aaction%3Dlightbox%26settings%3DeyJpZCI6ODkzLCJ1cmwiOiJodHRwczpcL1wvd3d3Lm5tcy1tYXV0ZXJuLmF0XC93cC1jb250ZW50XC91cGxvYWRzXC8yMDI1XC8wNlwvMjAyNTA0MTFfMTAxMDMwLXNjYWxlZC5qcGciLCJzbGlkZXNob3ciOiJkMDY4N2FjIn0%3D\">\n\t\t\t\t\t<div class=\"e-gallery-image elementor-gallery-item__image\" data-thumbnail=\"https:\/\/www.nms-mautern.at\/wp-content\/uploads\/2025\/06\/20250411_101030-300x225.jpg\" data-width=\"300\" data-height=\"225\" aria-label=\"\" role=\"img\" ><\/div>\n\t\t\t\t\t\t\t\t\t\t\t<div class=\"elementor-gallery-item__overlay\"><\/div>\n\t\t\t\t\t\t\t\t\t\t\t\t\t\t<\/a>\n\t\t\t\t\t\t\t<a class=\"e-gallery-item elementor-gallery-item elementor-animated-content\" href=\"https:\/\/www.nms-mautern.at\/wp-content\/uploads\/2025\/06\/20250411_101022-scaled.jpg\" data-elementor-open-lightbox=\"yes\" data-elementor-lightbox-slideshow=\"d0687ac\" data-elementor-lightbox-title=\"20250411_101022\" data-e-action-hash=\"#elementor-action%3Aaction%3Dlightbox%26settings%3DeyJpZCI6ODkyLCJ1cmwiOiJodHRwczpcL1wvd3d3Lm5tcy1tYXV0ZXJuLmF0XC93cC1jb250ZW50XC91cGxvYWRzXC8yMDI1XC8wNlwvMjAyNTA0MTFfMTAxMDIyLXNjYWxlZC5qcGciLCJzbGlkZXNob3ciOiJkMDY4N2FjIn0%3D\">\n\t\t\t\t\t<div class=\"e-gallery-image elementor-gallery-item__image\" data-thumbnail=\"https:\/\/www.nms-mautern.at\/wp-content\/uploads\/2025\/06\/20250411_101022-225x300.jpg\" data-width=\"225\" data-height=\"300\" aria-label=\"\" role=\"img\" ><\/div>\n\t\t\t\t\t\t\t\t\t\t\t<div class=\"elementor-gallery-item__overlay\"><\/div>\n\t\t\t\t\t\t\t\t\t\t\t\t\t\t<\/a>\n\t\t\t\t\t\t\t<a class=\"e-gallery-item elementor-gallery-item elementor-animated-content\" href=\"https:\/\/www.nms-mautern.at\/wp-content\/uploads\/2025\/06\/20250411_100956-scaled.jpg\" data-elementor-open-lightbox=\"yes\" data-elementor-lightbox-slideshow=\"d0687ac\" data-elementor-lightbox-title=\"20250411_100956\" data-e-action-hash=\"#elementor-action%3Aaction%3Dlightbox%26settings%3DeyJpZCI6ODkxLCJ1cmwiOiJodHRwczpcL1wvd3d3Lm5tcy1tYXV0ZXJuLmF0XC93cC1jb250ZW50XC91cGxvYWRzXC8yMDI1XC8wNlwvMjAyNTA0MTFfMTAwOTU2LXNjYWxlZC5qcGciLCJzbGlkZXNob3ciOiJkMDY4N2FjIn0%3D\">\n\t\t\t\t\t<div class=\"e-gallery-image elementor-gallery-item__image\" data-thumbnail=\"https:\/\/www.nms-mautern.at\/wp-content\/uploads\/2025\/06\/20250411_100956-300x225.jpg\" data-width=\"300\" data-height=\"225\" aria-label=\"\" role=\"img\" ><\/div>\n\t\t\t\t\t\t\t\t\t\t\t<div class=\"elementor-gallery-item__overlay\"><\/div>\n\t\t\t\t\t\t\t\t\t\t\t\t\t\t<\/a>\n\t\t\t\t\t\t\t<a class=\"e-gallery-item elementor-gallery-item elementor-animated-content\" href=\"https:\/\/www.nms-mautern.at\/wp-content\/uploads\/2025\/06\/20250411_100945-scaled.jpg\" data-elementor-open-lightbox=\"yes\" data-elementor-lightbox-slideshow=\"d0687ac\" data-elementor-lightbox-title=\"20250411_100945\" data-e-action-hash=\"#elementor-action%3Aaction%3Dlightbox%26settings%3DeyJpZCI6ODg5LCJ1cmwiOiJodHRwczpcL1wvd3d3Lm5tcy1tYXV0ZXJuLmF0XC93cC1jb250ZW50XC91cGxvYWRzXC8yMDI1XC8wNlwvMjAyNTA0MTFfMTAwOTQ1LXNjYWxlZC5qcGciLCJzbGlkZXNob3ciOiJkMDY4N2FjIn0%3D\">\n\t\t\t\t\t<div class=\"e-gallery-image elementor-gallery-item__image\" data-thumbnail=\"https:\/\/www.nms-mautern.at\/wp-content\/uploads\/2025\/06\/20250411_100945-300x225.jpg\" data-width=\"300\" data-height=\"225\" aria-label=\"\" role=\"img\" ><\/div>\n\t\t\t\t\t\t\t\t\t\t\t<div class=\"elementor-gallery-item__overlay\"><\/div>\n\t\t\t\t\t\t\t\t\t\t\t\t\t\t<\/a>\n\t\t\t\t\t<\/div>\n\t\t\t\t\t<\/div>\n\t\t\t\t<\/div>\n\t\t\t\t\t<\/div>\n\t\t\t\t<\/div>\n\t\t\t\t<\/div>\n\t\t","protected":false},"excerpt":{"rendered":"<p>N\u00d6 Hort in der Volksschule Mautern An die Volksschule Mautern ist ein Hort angeschlossen, in dem die Kinder der Volksschule und\u00a0der Mittelschule, an Schultagen zwischen Unterrichtsschluss und 17 Uhr von drei\u00a0Elementarp\u00e4dagoginnen und einer Hort-Helferin betreut werden. Zu dieser Betreuung geh\u00f6rt das gemeinsame Mittagessen, Spielen, Turnen, der Aufenthalt im\u00a0Freien, die selbstst\u00e4ndige Aufgabenerledigung unter Aufsicht, Malen, Backen, [&hellip;]<\/p>\n","protected":false},"author":1,"featured_media":0,"parent":0,"menu_order":0,"comment_status":"closed","ping_status":"closed","template":"","meta":{"footnotes":""},"class_list":["post-519","page","type-page","status-publish","hentry"],"_links":{"self":[{"href":"https:\/\/www.nms-mautern.at\/index.php?rest_route=\/wp\/v2\/pages\/519","targetHints":{"allow":["GET"]}}],"collection":[{"href":"https:\/\/www.nms-mautern.at\/index.php?rest_route=\/wp\/v2\/pages"}],"about":[{"href":"https:\/\/www.nms-mautern.at\/index.php?rest_route=\/wp\/v2\/types\/page"}],"author":[{"embeddable":true,"href":"https:\/\/www.nms-mautern.at\/index.php?rest_route=\/wp\/v2\/users\/1"}],"replies":[{"embeddable":true,"href":"https:\/\/www.nms-mautern.at\/index.php?rest_route=%2Fwp%2Fv2%2Fcomments&post=519"}],"version-history":[{"count":28,"href":"https:\/\/www.nms-mautern.at\/index.php?rest_route=\/wp\/v2\/pages\/519\/revisions"}],"predecessor-version":[{"id":2247,"href":"https:\/\/www.nms-mautern.at\/index.php?rest_route=\/wp\/v2\/pages\/519\/revisions\/2247"}],"wp:attachment":[{"href":"https:\/\/www.nms-mautern.at\/index.php?rest_route=%2Fwp%2Fv2%2Fmedia&parent=519"}],"curies":[{"name":"wp","href":"https:\/\/api.w.org\/{rel}","templated":true}]}}