{"id":521,"date":"2025-04-09T14:39:58","date_gmt":"2025-04-09T12:39:58","guid":{"rendered":"https:\/\/www.test.nms-mautern.at\/?page_id=521"},"modified":"2025-11-11T07:52:10","modified_gmt":"2025-11-11T06:52:10","slug":"verhaltensvereinbarungen","status":"publish","type":"page","link":"https:\/\/www.nms-mautern.at\/?page_id=521","title":{"rendered":"Verhaltensvereinbarungen"},"content":{"rendered":"\t\t<div data-elementor-type=\"wp-page\" data-elementor-id=\"521\" class=\"elementor elementor-521\" data-elementor-post-type=\"page\">\n\t\t\t\t<div class=\"has_eae_slider elementor-element elementor-element-9efc0b5 e-flex e-con-boxed e-con e-parent\" data-eae-slider=\"11045\" data-id=\"9efc0b5\" data-element_type=\"container\">\n\t\t\t\t\t<div class=\"e-con-inner\">\n\t\t\t\t<div class=\"elementor-element elementor-element-20eeb5b elementor-widget elementor-widget-spacer\" data-id=\"20eeb5b\" data-element_type=\"widget\" data-widget_type=\"spacer.default\">\n\t\t\t\t<div class=\"elementor-widget-container\">\n\t\t\t\t\t\t\t<div class=\"elementor-spacer\">\n\t\t\t<div class=\"elementor-spacer-inner\"><\/div>\n\t\t<\/div>\n\t\t\t\t\t\t<\/div>\n\t\t\t\t<\/div>\n\t\t\t\t\t<\/div>\n\t\t\t\t<\/div>\n\t\t<div class=\"has_eae_slider elementor-element elementor-element-e6bfd9a e-flex e-con-boxed e-con e-parent\" data-eae-slider=\"35699\" data-id=\"e6bfd9a\" data-element_type=\"container\">\n\t\t\t\t\t<div class=\"e-con-inner\">\n\t\t\t\t<div class=\"elementor-element elementor-element-ee17e76 elementor-widget elementor-widget-text-editor\" data-id=\"ee17e76\" data-element_type=\"widget\" data-widget_type=\"text-editor.default\">\n\t\t\t\t<div class=\"elementor-widget-container\">\n\t\t\t\t\t\t\t\t\t<h1 style=\"text-align: center;\"><span style=\"color: #be1313;\">Verhaltensvereinbarungen<\/span><\/h1><p>Wir, die SchulpartnerInnen der Europa- und Sportmittelschule Mautern (LehrerInnen, Schulleitung, Sch\u00fclerInnen, Erziehungsberechtigte), dr\u00fccken mit den gemeinsam verfassten Verhaltensvereinbarungen aus, wie wir uns die Rahmenbedingungen f\u00fcr eine gute Zusammenarbeit vorstellen.<\/p>\t\t\t\t\t\t\t\t<\/div>\n\t\t\t\t<\/div>\n\t\t\t\t\t<\/div>\n\t\t\t\t<\/div>\n\t\t<div class=\"has_eae_slider elementor-element elementor-element-1ab0f5e e-flex e-con-boxed e-con e-parent\" data-eae-slider=\"22866\" data-id=\"1ab0f5e\" data-element_type=\"container\">\n\t\t\t\t\t<div class=\"e-con-inner\">\n\t\t\t\t<div class=\"elementor-element elementor-element-5eee1d0 elementor-widget elementor-widget-text-editor\" data-id=\"5eee1d0\" data-element_type=\"widget\" data-widget_type=\"text-editor.default\">\n\t\t\t\t<div class=\"elementor-widget-container\">\n\t\t\t\t\t\t\t\t\t<ul><li>Wir respektieren unsere Klassensprecherin bzw. unseren Klassensprecher. Das Ignorieren seiner\/ihrer Rolle widerspricht dem respektvollen Miteinander.<\/li><li>Wir verhalten uns im Unterricht und in den Pausen so, dass wir uns selbst und andere Personen nicht gef\u00e4hrden. Deshalb wird in der Klasse nicht gelaufen, geturnt oder gerauft.<\/li><li>Wir wissen, dass das Rauchen von Zigaretten, Vapes und der Konsum von anderen legalen und illegalen Suchtmitteln verboten ist.<\/li><li>Wir beachten die Regeln und Vorgaben der \u201eGesunden Schule\u201c und trinken ausschlie\u00dflich Wasser.<\/li><li>Wir sind tolerant gegen\u00fcber allen Kulturen und Religionen und sch\u00e4tzen die Vielfalt als Bereicherung f\u00fcr unser Miteinander.<\/li><li>Wir sprechen im Unterricht und in den Pausen in einer Sprache, die niemanden ausschlie\u00dft. Das absichtliche Verwenden anderer Sprachen, um Mitsch\u00fcler\/innen auszuschlie\u00dfen, ist nicht erlaubt.<\/li><li>Wir gehen verantwortungsvoll mit unserem wie auch mit fremdem Eigentum um.<\/li><li>Wir bringen unseren Laptop (inklusive Zubeh\u00f6r) t\u00e4glich voll aufgeladen mit.<\/li><li>Wir lehnen jede Form von Gewalt, auch in der analogen und digitalen Kommunikation, ab.<\/li><li>Wir pflegen einen wertsch\u00e4tzenden Umgangston und achten auf unsere Sprache.<\/li><li>Wir werfen nicht mit Hausschuhen oder anderen Gegenst\u00e4nden. Solche Vorf\u00e4lle melden wir sofort der Pausenaufsicht.<\/li><li>Wir nutzen die Spinde so, dass kein Gedr\u00e4nge entsteht und verzichten auf absichtliches Blockieren oder Verursachen von Stau (besonders nach dem Unterricht).<\/li><li>Wir achten bei der Teilnahme am Unterricht auf eine den Erfordernissen entsprechende Kleidung.<\/li><li>Wir tragen ausschlie\u00dflich Hausschuhe im Schulgeb\u00e4ude.<\/li><li>Wir bewahren Wertgegenst\u00e4nde sicher im Spind auf.<\/li><li>Wir bewahren im Sinne des allgemeinen Handyverbots an Schulen unsere Handys und Smartwatches im Spind auf. Handys d\u00fcrfen nur auf ausdr\u00fcckliche Anweisung der Lehrerin oder des Lehrers und ausschlie\u00dflich f\u00fcr Unterrichtszwecke in den Unterricht mitgebracht werden.<\/li><li>Wir lassen die Fenster in den Pausen geschlossen und l\u00fcften nur w\u00e4hrend des Unterrichts.<\/li><li>Wir halten das gesamte Schulgeb\u00e4ude sauber und tragen Verantwortung, indem wir auch Dinge aufheben, die nicht von uns selbst fallen gelassen wurden.<\/li><li>Wir verzichten auf die Verwendung von intensiven Parfums oder Spraydeos.<\/li><li>Wir hinterlassen die Toiletten sauber und in einem Zustand, wie wir sie selbst gerne vorfinden m\u00f6chten.<\/li><li>Wir bewahren keine Lebensmittel im Bankfach auf und verzichten darauf, w\u00e4hrend des Unterrichts zu essen.<\/li><\/ul>\t\t\t\t\t\t\t\t<\/div>\n\t\t\t\t<\/div>\n\t\t\t\t\t<\/div>\n\t\t\t\t<\/div>\n\t\t<div class=\"has_eae_slider elementor-element elementor-element-2a6c0ad e-flex e-con-boxed e-con e-parent\" data-eae-slider=\"57647\" data-id=\"2a6c0ad\" data-element_type=\"container\">\n\t\t\t\t\t<div class=\"e-con-inner\">\n\t\t\t\t<div class=\"elementor-element elementor-element-385f72a elementor-widget elementor-widget-spacer\" data-id=\"385f72a\" data-element_type=\"widget\" data-widget_type=\"spacer.default\">\n\t\t\t\t<div class=\"elementor-widget-container\">\n\t\t\t\t\t\t\t<div class=\"elementor-spacer\">\n\t\t\t<div class=\"elementor-spacer-inner\"><\/div>\n\t\t<\/div>\n\t\t\t\t\t\t<\/div>\n\t\t\t\t<\/div>\n\t\t\t\t\t<\/div>\n\t\t\t\t<\/div>\n\t\t<div class=\"has_eae_slider elementor-element elementor-element-b907704 e-flex e-con-boxed e-con e-parent\" data-eae-slider=\"92122\" data-id=\"b907704\" data-element_type=\"container\">\n\t\t\t\t\t<div class=\"e-con-inner\">\n\t\t\t\t<div class=\"elementor-element elementor-element-ed43eca elementor-align-center elementor-widget elementor-widget-button\" data-id=\"ed43eca\" data-element_type=\"widget\" data-widget_type=\"button.default\">\n\t\t\t\t<div class=\"elementor-widget-container\">\n\t\t\t\t\t\t\t\t\t<div class=\"elementor-button-wrapper\">\n\t\t\t\t\t<a class=\"elementor-button elementor-button-link elementor-size-sm\" href=\"https:\/\/www.nms-mautern.at\/wp-content\/uploads\/2025\/11\/Verhaltensvereinbarungen-NMS-Mautern.pdf\" target=\"_blank\">\n\t\t\t\t\t\t<span class=\"elementor-button-content-wrapper\">\n\t\t\t\t\t\t\t\t\t<span class=\"elementor-button-text\">Verhaltensvereinbarungen der NMS Mautern - Download<\/span>\n\t\t\t\t\t<\/span>\n\t\t\t\t\t<\/a>\n\t\t\t\t<\/div>\n\t\t\t\t\t\t\t\t<\/div>\n\t\t\t\t<\/div>\n\t\t\t\t\t<\/div>\n\t\t\t\t<\/div>\n\t\t<div class=\"has_eae_slider elementor-element elementor-element-f437ef5 e-flex e-con-boxed e-con e-parent\" data-eae-slider=\"18676\" data-id=\"f437ef5\" data-element_type=\"container\">\n\t\t\t\t\t<div class=\"e-con-inner\">\n\t\t\t\t<div class=\"elementor-element elementor-element-6c19fcb elementor-widget elementor-widget-spacer\" data-id=\"6c19fcb\" data-element_type=\"widget\" data-widget_type=\"spacer.default\">\n\t\t\t\t<div class=\"elementor-widget-container\">\n\t\t\t\t\t\t\t<div class=\"elementor-spacer\">\n\t\t\t<div class=\"elementor-spacer-inner\"><\/div>\n\t\t<\/div>\n\t\t\t\t\t\t<\/div>\n\t\t\t\t<\/div>\n\t\t\t\t\t<\/div>\n\t\t\t\t<\/div>\n\t\t\t\t<\/div>\n\t\t","protected":false},"excerpt":{"rendered":"<p>Verhaltensvereinbarungen Wir, die SchulpartnerInnen der Europa- und Sportmittelschule Mautern (LehrerInnen, Schulleitung, Sch\u00fclerInnen, Erziehungsberechtigte), dr\u00fccken mit den gemeinsam verfassten Verhaltensvereinbarungen aus, wie wir uns die Rahmenbedingungen f\u00fcr eine gute Zusammenarbeit vorstellen. Wir respektieren unsere Klassensprecherin bzw. unseren Klassensprecher. Das Ignorieren seiner\/ihrer Rolle widerspricht dem respektvollen Miteinander. Wir verhalten uns im Unterricht und in den Pausen so, [&hellip;]<\/p>\n","protected":false},"author":1,"featured_media":0,"parent":0,"menu_order":0,"comment_status":"closed","ping_status":"closed","template":"","meta":{"footnotes":""},"class_list":["post-521","page","type-page","status-publish","hentry"],"_links":{"self":[{"href":"https:\/\/www.nms-mautern.at\/index.php?rest_route=\/wp\/v2\/pages\/521","targetHints":{"allow":["GET"]}}],"collection":[{"href":"https:\/\/www.nms-mautern.at\/index.php?rest_route=\/wp\/v2\/pages"}],"about":[{"href":"https:\/\/www.nms-mautern.at\/index.php?rest_route=\/wp\/v2\/types\/page"}],"author":[{"embeddable":true,"href":"https:\/\/www.nms-mautern.at\/index.php?rest_route=\/wp\/v2\/users\/1"}],"replies":[{"embeddable":true,"href":"https:\/\/www.nms-mautern.at\/index.php?rest_route=%2Fwp%2Fv2%2Fcomments&post=521"}],"version-history":[{"count":46,"href":"https:\/\/www.nms-mautern.at\/index.php?rest_route=\/wp\/v2\/pages\/521\/revisions"}],"predecessor-version":[{"id":3681,"href":"https:\/\/www.nms-mautern.at\/index.php?rest_route=\/wp\/v2\/pages\/521\/revisions\/3681"}],"wp:attachment":[{"href":"https:\/\/www.nms-mautern.at\/index.php?rest_route=%2Fwp%2Fv2%2Fmedia&parent=521"}],"curies":[{"name":"wp","href":"https:\/\/api.w.org\/{rel}","templated":true}]}}