{"id":529,"date":"2025-04-09T14:41:18","date_gmt":"2025-04-09T12:41:18","guid":{"rendered":"https:\/\/www.test.nms-mautern.at\/?page_id=529"},"modified":"2025-06-10T12:46:08","modified_gmt":"2025-06-10T10:46:08","slug":"verein-sport","status":"publish","type":"page","link":"https:\/\/www.nms-mautern.at\/?page_id=529","title":{"rendered":"Verein Sport"},"content":{"rendered":"\t\t<div data-elementor-type=\"wp-page\" data-elementor-id=\"529\" class=\"elementor elementor-529\" data-elementor-post-type=\"page\">\n\t\t\t\t<div class=\"has_eae_slider elementor-element elementor-element-6658b98 e-flex e-con-boxed e-con e-parent\" data-eae-slider=\"84712\" data-id=\"6658b98\" data-element_type=\"container\">\n\t\t\t\t\t<div class=\"e-con-inner\">\n\t\t\t\t<div class=\"elementor-element elementor-element-736b022 elementor-widget elementor-widget-spacer\" data-id=\"736b022\" data-element_type=\"widget\" data-widget_type=\"spacer.default\">\n\t\t\t\t<div class=\"elementor-widget-container\">\n\t\t\t\t\t\t\t<div class=\"elementor-spacer\">\n\t\t\t<div class=\"elementor-spacer-inner\"><\/div>\n\t\t<\/div>\n\t\t\t\t\t\t<\/div>\n\t\t\t\t<\/div>\n\t\t\t\t<div class=\"elementor-element elementor-element-85939c4 elementor-widget elementor-widget-heading\" data-id=\"85939c4\" data-element_type=\"widget\" data-widget_type=\"heading.default\">\n\t\t\t\t<div class=\"elementor-widget-container\">\n\t\t\t\t\t<h1 class=\"elementor-heading-title elementor-size-default\">Verein zur F\u00f6rderung der Sportmittelschule Mautern<\/h1>\t\t\t\t<\/div>\n\t\t\t\t<\/div>\n\t\t\t\t\t<\/div>\n\t\t\t\t<\/div>\n\t\t<div class=\"has_eae_slider elementor-element elementor-element-51e8516 e-flex e-con-boxed e-con e-parent\" data-eae-slider=\"19777\" data-id=\"51e8516\" data-element_type=\"container\">\n\t\t\t\t\t<div class=\"e-con-inner\">\n\t\t\t\t<div class=\"elementor-element elementor-element-f11ee52 elementor-widget elementor-widget-text-editor\" data-id=\"f11ee52\" data-element_type=\"widget\" data-widget_type=\"text-editor.default\">\n\t\t\t\t<div class=\"elementor-widget-container\">\n\t\t\t\t\t\t\t\t\t<p>Der Verein zur F\u00f6rderung der SMS Mautern wurde gleichzeitig mit der Installation des Sportschwerpunktes an der Hauptschule Mautern gegr\u00fcndet, um jederzeit und unb\u00fcrokratisch unterst\u00fctzen zu k\u00f6nnen (Einkauf von Sportutensilien, Bezahlung von Nenngeldern, usw.).<\/p><p>Der Verein finanziert sich aus Mitgliederspenden und der Vermietung der Schulspinde, die von ihm angekauft wurden und gewartet werden.<\/p><p>Ein bezahlter Mitgliedsbeitrag berechtigt die Sch\u00fclerInnen im folgenden Jahr die komplette Schiausr\u00fcstung f\u00fcr nur 15 Euro zu mieten.<\/p>\t\t\t\t\t\t\t\t<\/div>\n\t\t\t\t<\/div>\n\t\t\t\t\t<\/div>\n\t\t\t\t<\/div>\n\t\t<div class=\"has_eae_slider elementor-element elementor-element-79c7bdb e-flex e-con-boxed e-con e-parent\" data-eae-slider=\"11370\" data-id=\"79c7bdb\" data-element_type=\"container\">\n\t\t\t\t\t<div class=\"e-con-inner\">\n\t\t\t\t<div class=\"elementor-element elementor-element-7f64dcb elementor-widget elementor-widget-shortcode\" data-id=\"7f64dcb\" data-element_type=\"widget\" data-widget_type=\"shortcode.default\">\n\t\t\t\t<div class=\"elementor-widget-container\">\n\t\t\t\t\t\t\t<div class=\"elementor-shortcode\">\n<table id=\"tablepress-6\" class=\"tablepress tablepress-id-6\">\n<tbody class=\"row-striping row-hover\">\n<tr class=\"row-1\">\n\t<td class=\"column-1\">Obmann<\/td><td class=\"column-2\"><\/td>\n<\/tr>\n<tr class=\"row-2\">\n\t<td class=\"column-1\">Obmann-Stv.:<\/td><td class=\"column-2\">Pfeifer Petra<\/td>\n<\/tr>\n<tr class=\"row-3\">\n\t<td class=\"column-1\">Schriftf\u00fchrer:<\/td><td class=\"column-2\">Wegschaider Klaus<\/td>\n<\/tr>\n<tr class=\"row-4\">\n\t<td class=\"column-1\">Schriftf\u00fchrer-Stv.:<\/td><td class=\"column-2\">Gloim\u00fcller Sandra<\/td>\n<\/tr>\n<tr class=\"row-5\">\n\t<td class=\"column-1\">Kassier:<\/td><td class=\"column-2\">Unger-Schm\u00f6ger Gabriele<\/td>\n<\/tr>\n<tr class=\"row-6\">\n\t<td class=\"column-1\">Kassier-Stv.:<\/td><td class=\"column-2\">K\u00f6ck Bernhard<\/td>\n<\/tr>\n<tr class=\"row-7\">\n\t<td class=\"column-1\">Beir\u00e4te:<\/td><td class=\"column-2\">Dreifke Oliver<br \/>\nGruber Thomas<br \/>\nKoch Petra<br \/>\nTillich Elisabeth<br \/>\nZotl\u00f6terer Christoph<\/td>\n<\/tr>\n<\/tbody>\n<\/table>\n<\/div>\n\t\t\t\t\t\t<\/div>\n\t\t\t\t<\/div>\n\t\t\t\t\t<\/div>\n\t\t\t\t<\/div>\n\t\t\t\t<\/div>\n\t\t","protected":false},"excerpt":{"rendered":"<p>Verein zur F\u00f6rderung der Sportmittelschule Mautern Der Verein zur F\u00f6rderung der SMS Mautern wurde gleichzeitig mit der Installation des Sportschwerpunktes an der Hauptschule Mautern gegr\u00fcndet, um jederzeit und unb\u00fcrokratisch unterst\u00fctzen zu k\u00f6nnen (Einkauf von Sportutensilien, Bezahlung von Nenngeldern, usw.). Der Verein finanziert sich aus Mitgliederspenden und der Vermietung der Schulspinde, die von ihm angekauft wurden [&hellip;]<\/p>\n","protected":false},"author":1,"featured_media":0,"parent":0,"menu_order":0,"comment_status":"closed","ping_status":"closed","template":"","meta":{"footnotes":""},"class_list":["post-529","page","type-page","status-publish","hentry"],"_links":{"self":[{"href":"https:\/\/www.nms-mautern.at\/index.php?rest_route=\/wp\/v2\/pages\/529","targetHints":{"allow":["GET"]}}],"collection":[{"href":"https:\/\/www.nms-mautern.at\/index.php?rest_route=\/wp\/v2\/pages"}],"about":[{"href":"https:\/\/www.nms-mautern.at\/index.php?rest_route=\/wp\/v2\/types\/page"}],"author":[{"embeddable":true,"href":"https:\/\/www.nms-mautern.at\/index.php?rest_route=\/wp\/v2\/users\/1"}],"replies":[{"embeddable":true,"href":"https:\/\/www.nms-mautern.at\/index.php?rest_route=%2Fwp%2Fv2%2Fcomments&post=529"}],"version-history":[{"count":10,"href":"https:\/\/www.nms-mautern.at\/index.php?rest_route=\/wp\/v2\/pages\/529\/revisions"}],"predecessor-version":[{"id":992,"href":"https:\/\/www.nms-mautern.at\/index.php?rest_route=\/wp\/v2\/pages\/529\/revisions\/992"}],"wp:attachment":[{"href":"https:\/\/www.nms-mautern.at\/index.php?rest_route=%2Fwp%2Fv2%2Fmedia&parent=529"}],"curies":[{"name":"wp","href":"https:\/\/api.w.org\/{rel}","templated":true}]}}